{"id":99531,"date":"2025-09-17T11:03:22","date_gmt":"2025-09-17T09:03:22","guid":{"rendered":"https:\/\/metashare.com\/?page_id=99531"},"modified":"2025-11-06T11:24:05","modified_gmt":"2025-11-06T10:24:05","slug":"medlemsorganisationer","status":"publish","type":"page","link":"https:\/\/metashare.com\/sv\/branscher\/medlemsorganisationer\/","title":{"rendered":"Medlemsorganisationer"},"content":{"rendered":"\n<h1 class=\"wp-block-heading\">Oreda i dokumenten och sv\u00e5rt att f\u00f6lja arkiveringskrav?<\/h1>\n\n\n\n<p>N\u00e4r dokumenten ligger utspridda i mappar, Teams och mejl blir det sv\u00e5rt att hitta r\u00e4tt version \u2013 och \u00e4nnu sv\u00e5rare att f\u00f6lja regler f\u00f6r lagring och gallring. M\u00e5nga organisationer l\u00e4gger on\u00f6digt mycket tid p\u00e5 att h\u00e5lla ordning, samtidigt som risken f\u00f6r felhantering \u00f6kar.<\/p>\n\n\n\n<div class=\"wp-block-columns is-layout-flex wp-container-core-columns-is-layout-9d6595d7 wp-block-columns-is-layout-flex\">\n<div class=\"wp-block-column has-accent-2-background-color has-background is-layout-flow wp-block-column-is-layout-flow\">\n<h2 class=\"wp-block-heading\">L\u00f6sningen<\/h2>\n\n\n\n<p><strong>Smart struktur och automatiserad arkivering<\/strong><\/p>\n\n\n\n<p>Med MetaShare f\u00e5r ni <strong>kontroll \u00f6ver dokumenten<\/strong> redan fr\u00e5n start. Genom att anv\u00e4nda metadata \u2013 som dokumenttyp, process eller datum \u2013 struktureras allt i linje med era dokumenthanteringsplaner.<\/p>\n\n\n\n<p>N\u00e4r strukturen sitter, tar MetaShare Orbit \u00f6ver. Orbit <strong>automatiserar arkivering och gallring<\/strong> utifr\u00e5n era regler \u2013 helt utan manuella steg. Ni f\u00e5r trygghet, sp\u00e5rbarhet och ordning som h\u00e5ller \u00f6ver tid.<\/p>\n<\/div>\n\n\n\n<div class=\"wp-block-column has-accent-2-background-color has-background is-layout-flow wp-block-column-is-layout-flow\">\n<h2 class=\"wp-block-heading\">Resultatet<\/h2>\n\n\n\n<p><strong>Ordning, effektivitet och trygghet<\/strong><\/p>\n\n\n\n<p><strong>Enklare vardag<\/strong> \u2013 hitta, f\u00f6rst\u00e5 och hantera dokument snabbt<\/p>\n\n\n\n<p><strong>Mindre manuellt arbete<\/strong> \u2013 l\u00e5t systemen g\u00f6ra jobbet<\/p>\n\n\n\n<p><strong>Trygg efterlevnad<\/strong> \u2013 uppfyll lagkrav och interna rutiner automatiskt<\/p>\n\n\n\n<p><strong>Helt i Microsoft 365<\/strong> \u2013 fungerar s\u00f6ml\u00f6st med SharePoint, Microsoft Teams, och OneDrive<\/p>\n<\/div>\n<\/div>\n\n\n\n<div class=\"wp-block-columns is-layout-flex wp-container-core-columns-is-layout-9d6595d7 wp-block-columns-is-layout-flex\">\n<div class=\"wp-block-column is-layout-flow wp-block-column-is-layout-flow\">\n<div class=\"wp-block-group is-horizontal is-content-justification-center is-layout-flex wp-container-core-group-is-layout-d6c969f3 wp-block-group-is-layout-flex\">\n<figure class=\"wp-block-image size-large is-resized\"><a href=\"https:\/\/metashare.com\/sv\/kundcase\/sveriges-ingenjorer\/\"><img loading=\"lazy\" decoding=\"async\" width=\"621\" height=\"130\" src=\"https:\/\/metashare.com\/wp-content\/uploads\/si.svg\" alt=\"Sveriges Ingenj\u00f6rer\" class=\"wp-image-12395\" style=\"width:auto;height:40px\" \/><\/a><\/figure>\n\n\n\n<figure class=\"wp-block-image size-large is-resized\"><img loading=\"lazy\" decoding=\"async\" width=\"350\" height=\"46\" src=\"https:\/\/metashare.com\/wp-content\/uploads\/akademikerforbundet_ssr.svg\" alt=\"Akademikerforbundet SSR\" class=\"wp-image-99549\" style=\"width:auto;height:40px\" \/><\/figure>\n\n\n\n<figure class=\"wp-block-image size-large is-resized\"><a href=\"https:\/\/metashare.com\/sv\/kundcase\/finansforbundet\/\"><img loading=\"lazy\" decoding=\"async\" width=\"1491\" height=\"382\" src=\"https:\/\/metashare.com\/wp-content\/uploads\/finansforbundet.svg\" alt=\"Finansf\u00f6rbundet\" class=\"wp-image-12184\" style=\"width:auto;height:40px\" \/><\/a><\/figure>\n\n\n\n<figure class=\"wp-block-image size-large is-resized\"><img loading=\"lazy\" decoding=\"async\" width=\"200\" height=\"49\" src=\"https:\/\/metashare.com\/wp-content\/uploads\/naturvetarna_black.svg\" alt=\"Naturvetarna\" class=\"wp-image-99550\" style=\"width:auto;height:40px\" \/><\/figure>\n\n\n\n<figure class=\"wp-block-image size-large is-resized\"><img loading=\"lazy\" decoding=\"async\" width=\"150\" height=\"74\" src=\"https:\/\/metashare.com\/wp-content\/uploads\/srat.svg\" alt=\"SRAT\" class=\"wp-image-99551\" style=\"width:auto;height:40px\" \/><\/figure>\n\n\n\n<figure class=\"wp-block-image size-large is-resized\"><img loading=\"lazy\" decoding=\"async\" width=\"145\" height=\"71\" src=\"https:\/\/metashare.com\/wp-content\/uploads\/ptk.svg\" alt=\"PTK\" class=\"wp-image-99552\" style=\"width:auto;height:40px\" \/><\/figure>\n\n\n\n<figure class=\"wp-block-image size-full is-resized\"><a href=\"https:\/\/metashare.com\/sv\/kundcase\/tam-arkiv\/\"><img loading=\"lazy\" decoding=\"async\" width=\"400\" height=\"233\" src=\"https:\/\/metashare.com\/wp-content\/uploads\/logotyp_tam-arkiv.jpeg\" alt=\"\" class=\"wp-image-98827\" style=\"width:auto;height:120px\" srcset=\"https:\/\/metashare.com\/wp-content\/uploads\/logotyp_tam-arkiv.jpeg 400w, https:\/\/metashare.com\/wp-content\/uploads\/logotyp_tam-arkiv-300x175.jpeg 300w\" sizes=\"auto, (max-width: 400px) 100vw, 400px\" \/><\/a><\/figure>\n<\/div>\n<\/div>\n\n\n\n<div class=\"wp-block-column is-layout-flow wp-block-column-is-layout-flow\">\n<div class=\"wp-block-group has-text-bright-color has-accent-1-background-color has-text-color has-background has-link-color wp-elements-120d815c56ff1c83a528975b4b4c684c\"><div class=\"wp-block-group__inner-container is-layout-constrained wp-block-group-is-layout-constrained\">\n<h2 class=\"wp-block-heading\">Vill du veta mer?<\/h2>\n\n\n\n<div class=\"wp-block-buttons is-layout-flex wp-block-buttons-is-layout-flex\">\n<div class=\"wp-block-button\"><a class=\"wp-block-button__link wp-element-button\" href=\"https:\/\/metashare.com\/sv\/boka-demo\/\">Boka demo<\/a><\/div>\n<\/div>\n<\/div><\/div>\n<\/div>\n<\/div>\n\n\n\n<p><\/p>\n","protected":false},"excerpt":{"rendered":"<p>Oreda i dokumenten och sv\u00e5rt att f\u00f6lja arkiveringskrav? N\u00e4r dokumenten ligger utspridda i mappar, Teams och mejl blir det sv\u00e5rt att hitta r\u00e4tt version \u2013 och \u00e4nnu sv\u00e5rare att f\u00f6lja regler f\u00f6r lagring och gallring. &#8230; <a title=\"Medlemsorganisationer\" class=\"read-more\" href=\"https:\/\/metashare.com\/sv\/branscher\/medlemsorganisationer\/\" aria-label=\"L\u00e4s mer om Medlemsorganisationer\">L\u00e4s mer<\/a><\/p>\n","protected":false},"author":9,"featured_media":0,"parent":99496,"menu_order":0,"comment_status":"closed","ping_status":"closed","template":"","meta":{"_acf_changed":false,"footnotes":""},"element-controls":[],"class_list":{"0":"post-99531","1":"page","2":"type-page","3":"status-publish","5":"no-featured-image-padding"},"acf":[],"_links":{"self":[{"href":"https:\/\/metashare.com\/sv\/wp-json\/wp\/v2\/pages\/99531","targetHints":{"allow":["GET"]}}],"collection":[{"href":"https:\/\/metashare.com\/sv\/wp-json\/wp\/v2\/pages"}],"about":[{"href":"https:\/\/metashare.com\/sv\/wp-json\/wp\/v2\/types\/page"}],"author":[{"embeddable":true,"href":"https:\/\/metashare.com\/sv\/wp-json\/wp\/v2\/users\/9"}],"replies":[{"embeddable":true,"href":"https:\/\/metashare.com\/sv\/wp-json\/wp\/v2\/comments?post=99531"}],"version-history":[{"count":35,"href":"https:\/\/metashare.com\/sv\/wp-json\/wp\/v2\/pages\/99531\/revisions"}],"predecessor-version":[{"id":99745,"href":"https:\/\/metashare.com\/sv\/wp-json\/wp\/v2\/pages\/99531\/revisions\/99745"}],"up":[{"embeddable":true,"href":"https:\/\/metashare.com\/sv\/wp-json\/wp\/v2\/pages\/99496"}],"wp:attachment":[{"href":"https:\/\/metashare.com\/sv\/wp-json\/wp\/v2\/media?parent=99531"}],"wp:term":[{"taxonomy":"element-controls","embeddable":true,"href":"https:\/\/metashare.com\/sv\/wp-json\/wp\/v2\/element-controls?post=99531"}],"curies":[{"name":"wp","href":"https:\/\/api.w.org\/{rel}","templated":true}]}}