{"id":99526,"date":"2025-09-17T11:03:22","date_gmt":"2025-09-17T09:03:22","guid":{"rendered":"https:\/\/metashare.com\/?page_id=99526"},"modified":"2025-11-06T09:56:30","modified_gmt":"2025-11-06T08:56:30","slug":"tillverkning","status":"publish","type":"page","link":"https:\/\/metashare.com\/sv\/branscher\/tillverkning\/","title":{"rendered":"Tillverkning"},"content":{"rendered":"\n<h1 class=\"wp-block-heading\">Sv\u00e5rt att h\u00e5lla koll p\u00e5 dokumentationen i tillverkningsprocessen?<\/h1>\n\n\n\n<p>I m\u00e5nga tillverkande verksamheter v\u00e4xer dokumentm\u00e4ngden snabbt \u2013 ritningar, CE-m\u00e4rkningar, manualer och arbetsmilj\u00f6planer sprids mellan mappar, system och personer. <\/p>\n\n\n\n<p>N\u00e4r strukturen saknas blir det sv\u00e5rt att hitta r\u00e4tt version, f\u00f6lja revisioner och s\u00e4kerst\u00e4lla kvalitet.<\/p>\n\n\n\n<div class=\"wp-block-columns is-layout-flex wp-container-core-columns-is-layout-9d6595d7 wp-block-columns-is-layout-flex\">\n<div class=\"wp-block-column has-accent-2-background-color has-background is-layout-flow wp-block-column-is-layout-flow\">\n<h2 class=\"wp-block-heading\">L\u00f6sningen<\/h2>\n\n\n\n<p>Strukturerad dokumenthantering direkt i Microsoft 365<\/p>\n\n\n\n<p>Med MetaShare skapar vi en <strong>anpassad dokumentstruktur och metadatamodell<\/strong> f\u00f6r era projekt och produkter.<br>Genom metadata som <em>projektnummer, kund, maskintyp, revision eller status<\/em> organiseras all dokumentation p\u00e5 ett s\u00e4tt som speglar just er verksamhet.<\/p>\n\n\n\n<p>Allt implementeras i Microsoft 365 \u2013 vilket g\u00f6r att ni f\u00e5r en samlad, kontrollerad och s\u00e4ker hantering av tekniska dokument, CE-m\u00e4rkningar, ritningar, arbetsmilj\u00f6planer och annan projektkritisk information.<\/p>\n<\/div>\n\n\n\n<div class=\"wp-block-column has-accent-2-background-color has-background is-layout-flow wp-block-column-is-layout-flow\">\n<h2 class=\"wp-block-heading\">Resultatet<\/h2>\n\n\n\n<p><strong>Hitta r\u00e4tt dokument direkt<\/strong> \u2013 s\u00f6k och filtrera smart i hela Microsoft 365, oavsett lagringsplats<\/p>\n\n\n\n<p><strong>Effektivare projektfl\u00f6den<\/strong> \u2013 mindre manuellt arbete, mer tid till k\u00e4rnverksamhet<\/p>\n\n\n\n<p><strong>F\u00e4rre fel och h\u00f6gre kvalitet<\/strong> \u2013 metadata f\u00f6ljer automatiskt med mellan dokument<\/p>\n\n\n\n<p><strong>Redo f\u00f6r framtiden<\/strong> \u2013 en strukturerad grund som g\u00f6r det enkelt att integrera med andra system och anv\u00e4nda AI<\/p>\n<\/div>\n<\/div>\n\n\n\n<div class=\"wp-block-columns is-layout-flex wp-container-core-columns-is-layout-9d6595d7 wp-block-columns-is-layout-flex\">\n<div class=\"wp-block-column is-layout-flow wp-block-column-is-layout-flow\">\n<div class=\"wp-block-group is-horizontal is-content-justification-space-between is-layout-flex wp-container-core-group-is-layout-ed49b07a wp-block-group-is-layout-flex\">\n<figure class=\"wp-block-image size-large is-resized\"><img loading=\"lazy\" decoding=\"async\" width=\"214\" height=\"50\" src=\"https:\/\/metashare.com\/wp-content\/uploads\/hydac.svg\" alt=\"Hydac\" class=\"wp-image-99537\" style=\"width:auto;height:40px\"\/><\/figure>\n\n\n\n<figure class=\"wp-block-image size-large is-resized\"><img loading=\"lazy\" decoding=\"async\" width=\"208\" height=\"74\" src=\"https:\/\/metashare.com\/wp-content\/uploads\/certego.svg\" alt=\"Certego\" class=\"wp-image-99536\" style=\"width:auto;height:40px\"\/><\/figure>\n\n\n\n<figure class=\"wp-block-image size-large is-resized\"><a href=\"https:\/\/metashare.com\/sv\/kundcase\/unjo\/\"><img loading=\"lazy\" decoding=\"async\" width=\"344\" height=\"114\" src=\"https:\/\/metashare.com\/wp-content\/uploads\/unjo.svg\" alt=\"Unjo\" class=\"wp-image-99534\" style=\"width:auto;height:40px\"\/><\/a><\/figure>\n\n\n\n<figure class=\"wp-block-image size-full is-resized\"><img loading=\"lazy\" decoding=\"async\" width=\"344\" height=\"80\" src=\"https:\/\/metashare.com\/wp-content\/uploads\/lumiphase_black_80px.png\" alt=\"Lumiphase\" class=\"wp-image-99543\" style=\"width:auto;height:40px\" srcset=\"https:\/\/metashare.com\/wp-content\/uploads\/lumiphase_black_80px.png 344w, https:\/\/metashare.com\/wp-content\/uploads\/lumiphase_black_80px-300x70.png 300w\" sizes=\"auto, (max-width: 344px) 100vw, 344px\" \/><\/figure>\n\n\n\n<figure class=\"wp-block-image size-large is-resized\"><img loading=\"lazy\" decoding=\"async\" width=\"160\" height=\"54\" src=\"https:\/\/metashare.com\/wp-content\/uploads\/lotus_microsystems.svg\" alt=\"Lotus Microsystems\" class=\"wp-image-99538\" style=\"width:auto;height:40px\"\/><\/figure>\n\n\n\n<figure class=\"wp-block-image size-large is-resized\"><img loading=\"lazy\" decoding=\"async\" width=\"349\" height=\"223\" src=\"https:\/\/metashare.com\/wp-content\/uploads\/ingredion.svg\" alt=\"Ingredion\" class=\"wp-image-99539\" style=\"width:auto;height:40px\"\/><\/figure>\n\n\n\n<figure class=\"wp-block-image size-full is-resized\"><img loading=\"lazy\" decoding=\"async\" width=\"80\" height=\"80\" src=\"https:\/\/metashare.com\/wp-content\/uploads\/vestdavit_80px.png\" alt=\"Vestdavit\" class=\"wp-image-99545\" style=\"width:auto;height:40px\"\/><\/figure>\n<\/div>\n<\/div>\n\n\n\n<div class=\"wp-block-column is-layout-flow wp-block-column-is-layout-flow\">\n<div class=\"wp-block-group has-text-bright-color has-accent-1-background-color has-text-color has-background has-link-color wp-elements-120d815c56ff1c83a528975b4b4c684c\"><div class=\"wp-block-group__inner-container is-layout-constrained wp-block-group-is-layout-constrained\">\n<h2 class=\"wp-block-heading\">Vill du veta mer?<\/h2>\n\n\n\n<div class=\"wp-block-buttons is-layout-flex wp-block-buttons-is-layout-flex\">\n<div class=\"wp-block-button\"><a class=\"wp-block-button__link wp-element-button\" href=\"https:\/\/metashare.com\/sv\/boka-demo\/\">Boka demo<\/a><\/div>\n<\/div>\n<\/div><\/div>\n<\/div>\n<\/div>\n\n\n\n<p><\/p>\n","protected":false},"excerpt":{"rendered":"<p>Sv\u00e5rt att h\u00e5lla koll p\u00e5 dokumentationen i tillverkningsprocessen? I m\u00e5nga tillverkande verksamheter v\u00e4xer dokumentm\u00e4ngden snabbt \u2013 ritningar, CE-m\u00e4rkningar, manualer och arbetsmilj\u00f6planer sprids mellan mappar, system och personer. N\u00e4r strukturen saknas blir det sv\u00e5rt att hitta &#8230; <a title=\"Tillverkning\" class=\"read-more\" href=\"https:\/\/metashare.com\/sv\/branscher\/tillverkning\/\" aria-label=\"L\u00e4s mer om Tillverkning\">L\u00e4s mer<\/a><\/p>\n","protected":false},"author":9,"featured_media":0,"parent":99496,"menu_order":0,"comment_status":"closed","ping_status":"closed","template":"","meta":{"_acf_changed":false,"footnotes":""},"element-controls":[],"class_list":{"0":"post-99526","1":"page","2":"type-page","3":"status-publish","5":"no-featured-image-padding"},"acf":[],"_links":{"self":[{"href":"https:\/\/metashare.com\/sv\/wp-json\/wp\/v2\/pages\/99526","targetHints":{"allow":["GET"]}}],"collection":[{"href":"https:\/\/metashare.com\/sv\/wp-json\/wp\/v2\/pages"}],"about":[{"href":"https:\/\/metashare.com\/sv\/wp-json\/wp\/v2\/types\/page"}],"author":[{"embeddable":true,"href":"https:\/\/metashare.com\/sv\/wp-json\/wp\/v2\/users\/9"}],"replies":[{"embeddable":true,"href":"https:\/\/metashare.com\/sv\/wp-json\/wp\/v2\/comments?post=99526"}],"version-history":[{"count":15,"href":"https:\/\/metashare.com\/sv\/wp-json\/wp\/v2\/pages\/99526\/revisions"}],"predecessor-version":[{"id":99736,"href":"https:\/\/metashare.com\/sv\/wp-json\/wp\/v2\/pages\/99526\/revisions\/99736"}],"up":[{"embeddable":true,"href":"https:\/\/metashare.com\/sv\/wp-json\/wp\/v2\/pages\/99496"}],"wp:attachment":[{"href":"https:\/\/metashare.com\/sv\/wp-json\/wp\/v2\/media?parent=99526"}],"wp:term":[{"taxonomy":"element-controls","embeddable":true,"href":"https:\/\/metashare.com\/sv\/wp-json\/wp\/v2\/element-controls?post=99526"}],"curies":[{"name":"wp","href":"https:\/\/api.w.org\/{rel}","templated":true}]}}