{"id":99518,"date":"2025-09-17T11:03:22","date_gmt":"2025-09-17T09:03:22","guid":{"rendered":"https:\/\/metashare.com\/?page_id=99518"},"modified":"2026-05-08T23:16:46","modified_gmt":"2026-05-08T21:16:46","slug":"stat-och-kommun","status":"publish","type":"page","link":"https:\/\/metashare.com\/sv\/branscher\/stat-och-kommun\/","title":{"rendered":"Stat och kommun"},"content":{"rendered":"\n<h1 class=\"wp-block-heading\">Sv\u00e5rt att hantera dokument effektivt och s\u00e4kert inom kommunal verksamhet?<\/h1>\n\n\n\n<p>Kommuner och offentliga organisationer hanterar stora m\u00e4ngder dokument varje dag \u2013 fr\u00e5n \u00e4rendehantering och avtal till n\u00e4mndprotokoll och personaldokumentation.<\/p>\n\n\n\n<p>Att leva upp till krav som <strong>GDPR, offentlighetsprincipen och arkivlagen<\/strong> samtidigt som man vill f\u00f6renkla vardagen f\u00f6r anv\u00e4ndarna \u00e4r en utmaning f\u00f6r m\u00e5nga verksamheter.<\/p>\n\n\n\n<div class=\"wp-block-columns is-layout-flex wp-container-core-columns-is-layout-9d6595d7 wp-block-columns-is-layout-flex\">\n<div class=\"wp-block-column is-layout-flow wp-block-column-is-layout-flow\">\n<div class=\"wp-block-group has-accent-2-background-color has-background\"><div class=\"wp-block-group__inner-container is-layout-constrained wp-block-group-is-layout-constrained\">\n<h2 class=\"wp-block-heading\">L\u00f6sningen<\/h2>\n\n\n\n<p><strong>Struktur, sp\u00e5rbarhet och enkelhet med MetaShare<\/strong><\/p>\n\n\n\n<p><strong>MetaShare<\/strong> skapar ordning och kontroll i dokumenthanteringen redan fr\u00e5n b\u00f6rjan.<br>Genom att ers\u00e4tta traditionella mappar med en <strong>metadatastruktur<\/strong> kopplas dokumenten till r\u00e4tt processer, funktioner och \u00e4renden \u2013 helt i linje med era <strong>informationshanteringsplaner<\/strong>.<\/p>\n\n\n\n<p><strong>Regelefterlevnaden blir enklare<\/strong>. Med r\u00e4tt metadata, tydlig sp\u00e5rbarhet och automatiserade processer s\u00e4kerst\u00e4lls att varje dokument hanteras korrekt genom hela sin livscykel \u2013 utan att belasta anv\u00e4ndarna.<\/p>\n\n\n\n<p>Och oavsett om ni arbetar i molnet eller i en hybridmilj\u00f6, g\u00f6r MetaShare det <strong>enkelt att navigera mellan Microsoft&nbsp;365 och lokala servrar<\/strong>.<\/p>\n\n\n\n<p>Med Ways erfarenhet av kommunala och offentliga milj\u00f6er f\u00e5r ni en l\u00f6sning som fungerar i er verklighet \u2013 utan att kompromissa med s\u00e4kerheten.<\/p>\n<\/div><\/div>\n<\/div>\n\n\n\n<div class=\"wp-block-column is-layout-flow wp-block-column-is-layout-flow\">\n<div class=\"wp-block-group has-accent-2-background-color has-background\"><div class=\"wp-block-group__inner-container is-layout-constrained wp-block-group-is-layout-constrained\">\n<h2 class=\"wp-block-heading\">Resultatet<\/h2>\n\n\n\n<ul class=\"wp-block-list\">\n<li><strong>Tydlig och h\u00e5llbar dokumentstruktur<\/strong> som f\u00f6ljer g\u00e4llande regelverk<\/li>\n\n\n\n<li><strong>Minskad administration<\/strong> och h\u00f6gre kvalitet i dokumenthanteringen<\/li>\n\n\n\n<li><strong>F\u00f6rb\u00e4ttrad informationss\u00e4kerhet<\/strong> \u2013 utan att det blir kr\u00e5ngligt f\u00f6r anv\u00e4ndarna<\/li>\n<\/ul>\n\n\n\n<p><strong>Effektivare hantering och tryggare informationsfl\u00f6den<\/strong><\/p>\n<\/div><\/div>\n\n\n\n<div class=\"wp-block-group has-text-bright-color has-accent-1-background-color has-text-color has-background has-link-color wp-elements-120d815c56ff1c83a528975b4b4c684c\"><div class=\"wp-block-group__inner-container is-layout-constrained wp-block-group-is-layout-constrained\">\n<h2 class=\"wp-block-heading\">Vill du veta mer?<\/h2>\n\n\n\n<div class=\"wp-block-buttons is-layout-flex wp-block-buttons-is-layout-flex\">\n<div class=\"wp-block-button\"><a class=\"wp-block-button__link wp-element-button\" href=\"https:\/\/metashare.com\/sv\/boka-demo\/\">Boka demo<\/a><\/div>\n<\/div>\n<\/div><\/div>\n\n\n\n<div class=\"wp-block-group is-content-justification-space-between is-layout-flex wp-container-core-group-is-layout-e3bc7287 wp-block-group-is-layout-flex\">\n<figure class=\"wp-block-image size-large is-resized\"><img loading=\"lazy\" decoding=\"async\" width=\"843\" height=\"263\" src=\"https:\/\/metashare.com\/wp-content\/uploads\/skelleftea_kommun_sv.svg\" alt=\"Skellefte\u00e5 kommun\" class=\"wp-image-99520\" style=\"width:auto;height:96px\"\/><\/figure>\n\n\n\n<figure class=\"wp-block-image size-large is-resized\"><a href=\"https:\/\/metashare.com\/sv\/kundcase\/pts\/\"><img loading=\"lazy\" decoding=\"async\" width=\"559\" height=\"291\" src=\"https:\/\/metashare.com\/wp-content\/uploads\/pts.svg\" alt=\"Post- och telestyrelsen\" class=\"wp-image-12181\" style=\"width:auto;height:96px\"\/><\/a><\/figure>\n<\/div>\n<\/div>\n<\/div>\n\n\n\n<p><\/p>\n","protected":false},"excerpt":{"rendered":"<p>Kommuner och myndigheter anv\u00e4nder MetaShare f\u00f6r strukturerad, lagstiftningsanpassad dokumenthantering i Microsoft 365 \u2013 byggt kring hur offentlig sektor\u2026<\/p>\n","protected":false},"author":9,"featured_media":0,"parent":99496,"menu_order":0,"comment_status":"closed","ping_status":"closed","template":"","meta":{"_acf_changed":false,"footnotes":""},"element-controls":[],"class_list":{"0":"post-99518","1":"page","2":"type-page","3":"status-publish","5":"no-featured-image-padding"},"acf":[],"_links":{"self":[{"href":"https:\/\/metashare.com\/sv\/wp-json\/wp\/v2\/pages\/99518","targetHints":{"allow":["GET"]}}],"collection":[{"href":"https:\/\/metashare.com\/sv\/wp-json\/wp\/v2\/pages"}],"about":[{"href":"https:\/\/metashare.com\/sv\/wp-json\/wp\/v2\/types\/page"}],"author":[{"embeddable":true,"href":"https:\/\/metashare.com\/sv\/wp-json\/wp\/v2\/users\/9"}],"replies":[{"embeddable":true,"href":"https:\/\/metashare.com\/sv\/wp-json\/wp\/v2\/comments?post=99518"}],"version-history":[{"count":18,"href":"https:\/\/metashare.com\/sv\/wp-json\/wp\/v2\/pages\/99518\/revisions"}],"predecessor-version":[{"id":99891,"href":"https:\/\/metashare.com\/sv\/wp-json\/wp\/v2\/pages\/99518\/revisions\/99891"}],"up":[{"embeddable":true,"href":"https:\/\/metashare.com\/sv\/wp-json\/wp\/v2\/pages\/99496"}],"wp:attachment":[{"href":"https:\/\/metashare.com\/sv\/wp-json\/wp\/v2\/media?parent=99518"}],"wp:term":[{"taxonomy":"element-controls","embeddable":true,"href":"https:\/\/metashare.com\/sv\/wp-json\/wp\/v2\/element-controls?post=99518"}],"curies":[{"name":"wp","href":"https:\/\/api.w.org\/{rel}","templated":true}]}}