{"id":99500,"date":"2025-09-17T11:03:22","date_gmt":"2025-09-17T09:03:22","guid":{"rendered":"https:\/\/metashare.com\/?page_id=99500"},"modified":"2025-11-05T15:53:48","modified_gmt":"2025-11-05T14:53:48","slug":"energi","status":"publish","type":"page","link":"https:\/\/metashare.com\/sv\/branscher\/energi\/","title":{"rendered":"Energi"},"content":{"rendered":"\n<h1 class=\"wp-block-heading\">Sv\u00e5rt att hantera dokument s\u00e4kert i en komplex elbransch?<\/h1>\n\n\n\n<p>I energibranschen st\u00e4lls h\u00f6ga krav p\u00e5 informationss\u00e4kerhet, sp\u00e5rbarhet och efterlevnad \u2013 inte minst med nya regelverk som NIS2. Samtidigt ska verksamheten vara effektiv och samarbetsinriktad. N\u00e4r dokument sprids mellan olika system och anv\u00e4ndare blir det sv\u00e5rt att h\u00e5lla koll p\u00e5 r\u00e4tt version, beh\u00f6righeter och godk\u00e4nnanden.<\/p>\n\n\n\n<div class=\"wp-block-columns is-layout-flex wp-container-core-columns-is-layout-9d6595d7 wp-block-columns-is-layout-flex\">\n<div class=\"wp-block-column is-layout-flow wp-block-column-is-layout-flow\">\n<div class=\"wp-block-group has-accent-2-background-color has-background\"><div class=\"wp-block-group__inner-container is-layout-constrained wp-block-group-is-layout-constrained\">\n<h2 class=\"wp-block-heading\">L\u00f6sningen<\/h2>\n\n\n\n<p><strong>Full kontroll och sp\u00e5rbarhet med MetaShare<\/strong><\/p>\n\n\n\n<p>Med MetaShare f\u00e5r ni en s\u00e4ker och strukturerad dokumentmilj\u00f6 som f\u00f6ljer era styrmodeller och branschkrav. Genom metadata \u2013 som dokumenttyp, process och status \u2013 blir det tydligt vem som \u00e4ger informationen och hur den ska hanteras.<\/p>\n\n\n\n<p><strong>Beh\u00f6righetsstyrning:<\/strong> Endast r\u00e4tt personer f\u00e5r tillg\u00e5ng till k\u00e4nslig information.<\/p>\n\n\n\n<p><strong>Automatiska p\u00e5minnelser och godk\u00e4nnanden:<\/strong> Minskar risken f\u00f6r misstag och informationsl\u00e4ckor.<\/p>\n\n\n\n<p><strong>Snabb incidenthantering:<\/strong> Med tydlig loggning och sp\u00e5rbarhet kan ni agera direkt vid avvikelser \u2013 och skydda b\u00e5de verksamheten och samh\u00e4llet.<\/p>\n<\/div><\/div>\n\n\n\n<div class=\"wp-block-group is-content-justification-space-between is-layout-flex wp-container-core-group-is-layout-e3bc7287 wp-block-group-is-layout-flex\">\n<figure class=\"wp-block-image size-large is-resized\"><a href=\"https:\/\/metashare.com\/sv\/kundcase\/rabbalshede-kraft\/\"><img loading=\"lazy\" decoding=\"async\" width=\"337\" height=\"140\" src=\"https:\/\/metashare.com\/wp-content\/uploads\/rabbalshede_kraft_stand.svg\" alt=\"Rabbalshede Kraft\" class=\"wp-image-97042\" style=\"width:auto;height:72px\"\/><\/a><\/figure>\n\n\n\n<figure class=\"wp-block-image size-large is-resized\"><img loading=\"lazy\" decoding=\"async\" width=\"1158\" height=\"875\" src=\"https:\/\/metashare.com\/wp-content\/uploads\/ena_energi.svg\" alt=\"Ena Energi\" class=\"wp-image-99513\" style=\"width:auto;height:72px\"\/><\/figure>\n\n\n\n<figure class=\"wp-block-image size-large is-resized\"><img loading=\"lazy\" decoding=\"async\" width=\"472\" height=\"208\" src=\"https:\/\/metashare.com\/wp-content\/uploads\/partille_energi.svg\" alt=\"Partille Energi\" class=\"wp-image-99511\" style=\"width:auto;height:72px\"\/><\/figure>\n<\/div>\n<\/div>\n\n\n\n<div class=\"wp-block-column is-layout-flow wp-block-column-is-layout-flow\">\n<div class=\"wp-block-group has-accent-2-background-color has-background\"><div class=\"wp-block-group__inner-container is-layout-constrained wp-block-group-is-layout-constrained\">\n<h2 class=\"wp-block-heading\">Resultatet<\/h2>\n\n\n\n<p><strong>Trygg, effektiv och NIS2-redo dokumenthantering<\/strong><\/p>\n\n\n\n<ul class=\"wp-block-list\">\n<li>Minskad risk f\u00f6r s\u00e4kerhetsincidenter och felhantering<\/li>\n\n\n\n<li>\u00d6kad transparens och kontroll i hela dokumentfl\u00f6det<\/li>\n\n\n\n<li>Effektivare s\u00e4kerhetsarbete och enklare efterlevnad av NIS2 och interna krav<\/li>\n\n\n\n<li>S\u00f6ml\u00f6s integration med Microsoft 365 \u2013 inklusive Teams, SharePoint och OneDrive<\/li>\n<\/ul>\n<\/div><\/div>\n\n\n\n<div class=\"wp-block-group has-text-bright-color has-accent-1-background-color has-text-color has-background has-link-color wp-elements-120d815c56ff1c83a528975b4b4c684c\"><div class=\"wp-block-group__inner-container is-layout-constrained wp-block-group-is-layout-constrained\">\n<h2 class=\"wp-block-heading\">Vill du veta mer?<\/h2>\n\n\n\n<div class=\"wp-block-buttons is-layout-flex wp-block-buttons-is-layout-flex\">\n<div class=\"wp-block-button\"><a class=\"wp-block-button__link wp-element-button\" href=\"https:\/\/metashare.com\/sv\/boka-demo\/\">Boka demo<\/a><\/div>\n<\/div>\n<\/div><\/div>\n<\/div>\n<\/div>\n\n\n\n<p><\/p>\n","protected":false},"excerpt":{"rendered":"<p>Sv\u00e5rt att hantera dokument s\u00e4kert i en komplex elbransch? I energibranschen st\u00e4lls h\u00f6ga krav p\u00e5 informationss\u00e4kerhet, sp\u00e5rbarhet och efterlevnad \u2013 inte minst med nya regelverk som NIS2. Samtidigt ska verksamheten vara effektiv och samarbetsinriktad. N\u00e4r &#8230; <a title=\"Energi\" class=\"read-more\" href=\"https:\/\/metashare.com\/sv\/branscher\/energi\/\" aria-label=\"L\u00e4s mer om Energi\">L\u00e4s mer<\/a><\/p>\n","protected":false},"author":9,"featured_media":0,"parent":99496,"menu_order":0,"comment_status":"closed","ping_status":"closed","template":"","meta":{"_acf_changed":false,"footnotes":""},"element-controls":[],"class_list":{"0":"post-99500","1":"page","2":"type-page","3":"status-publish","5":"no-featured-image-padding"},"acf":[],"_links":{"self":[{"href":"https:\/\/metashare.com\/sv\/wp-json\/wp\/v2\/pages\/99500","targetHints":{"allow":["GET"]}}],"collection":[{"href":"https:\/\/metashare.com\/sv\/wp-json\/wp\/v2\/pages"}],"about":[{"href":"https:\/\/metashare.com\/sv\/wp-json\/wp\/v2\/types\/page"}],"author":[{"embeddable":true,"href":"https:\/\/metashare.com\/sv\/wp-json\/wp\/v2\/users\/9"}],"replies":[{"embeddable":true,"href":"https:\/\/metashare.com\/sv\/wp-json\/wp\/v2\/comments?post=99500"}],"version-history":[{"count":15,"href":"https:\/\/metashare.com\/sv\/wp-json\/wp\/v2\/pages\/99500\/revisions"}],"predecessor-version":[{"id":99721,"href":"https:\/\/metashare.com\/sv\/wp-json\/wp\/v2\/pages\/99500\/revisions\/99721"}],"up":[{"embeddable":true,"href":"https:\/\/metashare.com\/sv\/wp-json\/wp\/v2\/pages\/99496"}],"wp:attachment":[{"href":"https:\/\/metashare.com\/sv\/wp-json\/wp\/v2\/media?parent=99500"}],"wp:term":[{"taxonomy":"element-controls","embeddable":true,"href":"https:\/\/metashare.com\/sv\/wp-json\/wp\/v2\/element-controls?post=99500"}],"curies":[{"name":"wp","href":"https:\/\/api.w.org\/{rel}","templated":true}]}}