{"id":99053,"date":"2025-01-15T15:52:03","date_gmt":"2025-01-15T14:52:03","guid":{"rendered":"https:\/\/metashare.com\/?page_id=99053"},"modified":"2025-06-03T07:03:25","modified_gmt":"2025-06-03T05:03:25","slug":"logotyp","status":"publish","type":"page","link":"https:\/\/metashare.com\/sv\/logotyp\/","title":{"rendered":"Logotyp"},"content":{"rendered":"\n<h2 class=\"wp-block-heading\">F\u00f6r webb<\/h2>\n\n\n<div class=\"gb-container gb-container-0424b9e2\">\n<div class=\"gb-grid-wrapper gb-grid-wrapper-f2e6bb51 gb-grid-wrapper-small\">\n<div class=\"gb-grid-column gb-grid-column-a8d8629d gb-grid-column-grid-item-small\"><div class=\"gb-container gb-container-a8d8629d gb-container-grid-item-small\">\n\n<figure class=\"wp-block-image size-large is-resized\"><img loading=\"lazy\" decoding=\"async\" width=\"199\" height=\"48\" src=\"https:\/\/metashare.com\/wp-content\/uploads\/metashare-logo-inv.svg\" alt=\"MetaShare logotyp\" class=\"wp-image-99054\" style=\"width:auto;height:48px\" \/><figcaption class=\"wp-element-caption\"><a href=\"https:\/\/metashare.com\/wp-content\/uploads\/metashare-logo-inv.svg\" data-type=\"attachment\" data-id=\"99054\">Ladda ner SVG<\/a><\/figcaption><\/figure>\n\n<\/div><\/div>\n\n<div class=\"gb-grid-column gb-grid-column-6514082f gb-grid-column-grid-item-small\"><div class=\"gb-container gb-container-6514082f gb-container-grid-item-small\">\n\n<figure class=\"wp-block-image size-large is-resized\"><img loading=\"lazy\" decoding=\"async\" width=\"564\" height=\"131\" src=\"https:\/\/metashare.com\/wp-content\/uploads\/metashare-logo.svg\" alt=\"MetaShare logotyp\" class=\"wp-image-9325\" style=\"width:auto;height:48px\" \/><figcaption class=\"wp-element-caption\"><a href=\"https:\/\/metashare.com\/wp-content\/uploads\/metashare-logo.svg\" data-type=\"attachment\" data-id=\"9325\">Ladda ner SVG<\/a><\/figcaption><\/figure>\n\n<\/div><\/div>\n\n<div class=\"gb-grid-column gb-grid-column-d654749a gb-grid-column-grid-item-small\"><div class=\"gb-container gb-container-d654749a gb-container-grid-item-small\">\n\n<figure class=\"wp-block-image size-large is-resized\"><img loading=\"lazy\" decoding=\"async\" width=\"63\" height=\"46\" src=\"https:\/\/metashare.com\/wp-content\/uploads\/metashare-cube.svg\" alt=\"MetaShare ikon\" class=\"wp-image-99056\" style=\"width:auto;height:48px\" \/><figcaption class=\"wp-element-caption\"><a href=\"https:\/\/metashare.com\/wp-content\/uploads\/metashare-cube.svg\" data-type=\"attachment\" data-id=\"99056\">Ladda ner SVG<\/a><\/figcaption><\/figure>\n\n<\/div><\/div>\n<\/div>\n<\/div>\n\n\n<p><\/p>\n\n\n\n<h2 class=\"wp-block-heading\">F\u00f6r tryck<\/h2>\n\n\n\n<p><a href=\"https:\/\/ways.sharepoint.com\/:u:\/s\/Ways-Public\/EcM6jBhOfFVDgS7p1sKST-EBMtO2roVBA2XGU_-26khqnw\" target=\"_blank\" rel=\"noreferrer noopener\">Ladda ner EPS<\/a><\/p>\n\n\n\n<p><\/p>\n","protected":false},"excerpt":{"rendered":"<p>Ladda ner MetaShares logotyp i r\u00e4tt format f\u00f6r digitalt och tryck. F\u00f6lj riktlinjerna \u2013 h\u00e4mta logotypen h\u00e4r!<\/p>\n","protected":false},"author":7,"featured_media":0,"parent":0,"menu_order":0,"comment_status":"closed","ping_status":"closed","template":"","meta":{"_acf_changed":false,"footnotes":""},"element-controls":[99],"class_list":{"0":"post-99053","1":"page","2":"type-page","3":"status-publish","5":"element-controls-center-title","6":"no-featured-image-padding"},"acf":[],"_links":{"self":[{"href":"https:\/\/metashare.com\/sv\/wp-json\/wp\/v2\/pages\/99053","targetHints":{"allow":["GET"]}}],"collection":[{"href":"https:\/\/metashare.com\/sv\/wp-json\/wp\/v2\/pages"}],"about":[{"href":"https:\/\/metashare.com\/sv\/wp-json\/wp\/v2\/types\/page"}],"author":[{"embeddable":true,"href":"https:\/\/metashare.com\/sv\/wp-json\/wp\/v2\/users\/7"}],"replies":[{"embeddable":true,"href":"https:\/\/metashare.com\/sv\/wp-json\/wp\/v2\/comments?post=99053"}],"version-history":[{"count":10,"href":"https:\/\/metashare.com\/sv\/wp-json\/wp\/v2\/pages\/99053\/revisions"}],"predecessor-version":[{"id":99366,"href":"https:\/\/metashare.com\/sv\/wp-json\/wp\/v2\/pages\/99053\/revisions\/99366"}],"wp:attachment":[{"href":"https:\/\/metashare.com\/sv\/wp-json\/wp\/v2\/media?parent=99053"}],"wp:term":[{"taxonomy":"element-controls","embeddable":true,"href":"https:\/\/metashare.com\/sv\/wp-json\/wp\/v2\/element-controls?post=99053"}],"curies":[{"name":"wp","href":"https:\/\/api.w.org\/{rel}","templated":true}]}}