{"id":98989,"date":"2024-12-17T14:15:05","date_gmt":"2024-12-17T13:15:05","guid":{"rendered":"https:\/\/metashare.com\/?page_id=98989"},"modified":"2025-11-20T15:52:53","modified_gmt":"2025-11-20T14:52:53","slug":"fastigheter","status":"publish","type":"page","link":"https:\/\/metashare.com\/sv\/branscher\/fastigheter\/","title":{"rendered":"Fastigheter"},"content":{"rendered":"\n<h1 class=\"wp-block-heading\">Sv\u00e5rt att h\u00e5lla koll p\u00e5 era fastighets\u00addokument?<\/h1>\n\n\n\n<p>F\u00f6r fastighetsorganisationer kan dokument spridas mellan projekt, system och avdelningar \u2013 fr\u00e5n ritningar och besiktningsprotokoll till hyresavtal och driftinstruktioner.<\/p>\n\n\n\n<p>N\u00e4r strukturen brister blir det sv\u00e5rt att hitta r\u00e4tt information, vilket skapar b\u00e5de tidsf\u00f6rluster och risker i f\u00f6rvaltningen.<\/p>\n\n\n\n<div class=\"wp-block-columns is-layout-flex wp-container-core-columns-is-layout-9d6595d7 wp-block-columns-is-layout-flex\">\n<div class=\"wp-block-column has-accent-2-background-color has-background is-layout-flow wp-block-column-is-layout-flow\">\n<h2 class=\"wp-block-heading\">L\u00f6sningen<\/h2>\n\n\n\n<p>Med <strong>MetaShare<\/strong> s\u00e4tter vi upp en <strong>metadatastruktur<\/strong> anpassad efter era behov \u2013 till exempel fastighetsbeteckning, hyresg\u00e4st, byggnadsdel eller disciplin.<br>Strukturen implementeras direkt i <strong>Microsoft 365<\/strong>, d\u00e4r ni redan arbetar i <strong>Teams<\/strong> och <strong>SharePoint<\/strong>.<br>Resultatet blir en enhetlig och s\u00e4ker dokumentmilj\u00f6 d\u00e4r varje fil kopplas till r\u00e4tt objekt och process \u2013 fr\u00e5n bygglov till underh\u00e5llsplaner.<\/p>\n<\/div>\n\n\n\n<div class=\"wp-block-column has-accent-2-background-color has-background is-layout-flow wp-block-column-is-layout-flow\">\n<h2 class=\"wp-block-heading\">Resultatet<\/h2>\n\n\n\n<ul class=\"wp-block-list\">\n<li><strong>Hitta r\u00e4tt dokument snabbt och enkelt<\/strong> \u2013 s\u00f6k och filtrera i hela Microsoft 365 utan att veta var filen ligger<\/li>\n\n\n\n<li><strong>B\u00e4ttre struktur och smidigare arbetsfl\u00f6den<\/strong> \u2013 spara tid och minska frustration<\/li>\n\n\n\n<li><strong>Framtidss\u00e4krat arbetss\u00e4tt<\/strong> \u2013 metadata g\u00f6r det m\u00f6jligt att integrera med andra system och anv\u00e4nda AI full ut<\/li>\n<\/ul>\n<\/div>\n<\/div>\n\n\n\n<div class=\"wp-block-columns is-layout-flex wp-container-core-columns-is-layout-9d6595d7 wp-block-columns-is-layout-flex\">\n<div class=\"wp-block-column is-vertically-aligned-center is-layout-flow wp-block-column-is-layout-flow\">\n<div class=\"wp-block-group is-horizontal is-content-justification-center is-layout-flex wp-container-core-group-is-layout-00ace616 wp-block-group-is-layout-flex\">\n<figure class=\"wp-block-image size-full is-resized\"><img loading=\"lazy\" decoding=\"async\" width=\"280\" height=\"24\" src=\"https:\/\/metashare.com\/wp-content\/uploads\/hufvudstaden.svg\" alt=\"Hufvudstaden\" class=\"wp-image-99503\" style=\"width:auto;height:40px\"\/><\/figure>\n\n\n\n<figure class=\"wp-block-image size-large is-resized\"><a href=\"https:\/\/ways.se\/sv\/nyheter\/jernhusen-valjer-metashare-for-intelligent-hantering-av-bolagets-fastighetsdokument\/\" target=\"_blank\" rel=\"noreferrer noopener\"><img loading=\"lazy\" decoding=\"async\" width=\"601\" height=\"114\" src=\"https:\/\/metashare.com\/wp-content\/uploads\/jernhusen_logo.svg\" alt=\"Jernhusen\" class=\"wp-image-99011\" style=\"width:auto;height:40px\"\/><\/a><\/figure>\n\n\n\n<figure class=\"wp-block-image size-large is-resized\"><a href=\"https:\/\/metashare.com\/sv\/kundcase\/castellum\/\"><img loading=\"lazy\" decoding=\"async\" width=\"175\" height=\"45\" src=\"https:\/\/metashare.com\/wp-content\/uploads\/castellum.svg\" alt=\"Castellum\" class=\"wp-image-97161\" style=\"width:auto;height:40px\"\/><\/a><\/figure>\n\n\n\n<figure class=\"wp-block-image size-large is-resized\"><a href=\"https:\/\/metashare.com\/sv\/kundcase\/heba\/\"><img loading=\"lazy\" decoding=\"async\" width=\"357\" height=\"103\" src=\"https:\/\/metashare.com\/wp-content\/uploads\/heba.svg\" alt=\"Heba Fastighets AB\" class=\"wp-image-43317\" style=\"width:auto;height:40px\"\/><\/a><\/figure>\n\n\n\n<figure class=\"wp-block-image size-full is-resized\"><a href=\"https:\/\/metashare.com\/sv\/kundcase\/hsb\/\"><img loading=\"lazy\" decoding=\"async\" width=\"280\" height=\"195\" src=\"https:\/\/metashare.com\/wp-content\/uploads\/hsb_sv_280px.png\" alt=\"HSB - d\u00e4r m\u00f6jligheterna bor\" class=\"wp-image-45714\" style=\"width:auto;height:80px\"\/><\/a><\/figure>\n\n\n\n<figure class=\"wp-block-image size-large is-resized\"><a href=\"https:\/\/metashare.com\/sv\/kundcase\/afa-fastigheter\/\"><img loading=\"lazy\" decoding=\"async\" width=\"377\" height=\"364\" src=\"https:\/\/metashare.com\/wp-content\/uploads\/afa-fastigheter.svg\" alt=\"afa fastigheter (afa real estate)\" class=\"wp-image-12253\" style=\"width:auto;height:80px\"\/><\/a><\/figure>\n\n\n\n<figure class=\"wp-block-image size-large is-resized\"><a href=\"https:\/\/ways.se\/sv\/nyheter\/eslovs-bostads-ab-valjer-metashare-for-ordning-och-reda-bland-fastighetsdokumenten\/\" target=\"_blank\" rel=\"noreferrer noopener\"><img loading=\"lazy\" decoding=\"async\" width=\"178\" height=\"200\" src=\"https:\/\/metashare.com\/wp-content\/uploads\/ebo_logo.svg\" alt=\"\" class=\"wp-image-99015\" style=\"width:auto;height:80px\"\/><\/a><\/figure>\n\n\n\n<figure class=\"wp-block-image size-large is-resized\"><img loading=\"lazy\" decoding=\"async\" width=\"307\" height=\"199\" src=\"https:\/\/metashare.com\/wp-content\/uploads\/helsingborgshem.svg\" alt=\"Helsingborgshem\" class=\"wp-image-99788\" style=\"width:auto;height:80px\"\/><\/figure>\n<\/div>\n<\/div>\n\n\n\n<div class=\"wp-block-column is-layout-flow wp-block-column-is-layout-flow\">\n<div class=\"wp-block-group has-text-bright-color has-accent-1-background-color has-text-color has-background has-link-color wp-elements-1844e0a7ffbbeda65813480c45a655b7\"><div class=\"wp-block-group__inner-container is-layout-constrained wp-block-group-is-layout-constrained\">\n<h2 class=\"wp-block-heading\">Vill du veta mer? \u200b<\/h2>\n\n\n\n<div class=\"wp-block-buttons is-layout-flex wp-block-buttons-is-layout-flex\">\n<div class=\"wp-block-button\"><a class=\"wp-block-button__link wp-element-button\" href=\"https:\/\/metashare.com\/sv\/boka-demo\/\">Boka demo<\/a><\/div>\n<\/div>\n\n\n\n<p>Eller anm\u00e4l dig till v\u00e5rt kostnadsfria webbinarium \u201dStrukturera era digitala fastighetsv\u00e4rden\u201d<\/p>\n\n\n\n<div class=\"wp-block-buttons is-layout-flex wp-block-buttons-is-layout-flex\">\n<div class=\"wp-block-button is-style-fill\"><a class=\"wp-block-button__link wp-element-button\" href=\"https:\/\/ways.se\/sv\/webbinarier\/sa-skapar-du-struktur-i-fastighetsverksamheten\/\" target=\"_blank\" rel=\"noreferrer noopener\">Anm\u00e4l dig<\/a><\/div>\n<\/div>\n<\/div><\/div>\n<\/div>\n<\/div>\n\n\n\n<p><\/p>\n","protected":false},"excerpt":{"rendered":"<p>Effektivisera hanteringen av fastighetsdokument med MetaShare. Uppt\u00e4ck hur \u2013 l\u00e4s mer nu!<\/p>\n","protected":false},"author":9,"featured_media":0,"parent":99496,"menu_order":0,"comment_status":"closed","ping_status":"closed","template":"","meta":{"_acf_changed":false,"footnotes":""},"element-controls":[],"class_list":{"0":"post-98989","1":"page","2":"type-page","3":"status-publish","5":"no-featured-image-padding"},"acf":[],"_links":{"self":[{"href":"https:\/\/metashare.com\/sv\/wp-json\/wp\/v2\/pages\/98989","targetHints":{"allow":["GET"]}}],"collection":[{"href":"https:\/\/metashare.com\/sv\/wp-json\/wp\/v2\/pages"}],"about":[{"href":"https:\/\/metashare.com\/sv\/wp-json\/wp\/v2\/types\/page"}],"author":[{"embeddable":true,"href":"https:\/\/metashare.com\/sv\/wp-json\/wp\/v2\/users\/9"}],"replies":[{"embeddable":true,"href":"https:\/\/metashare.com\/sv\/wp-json\/wp\/v2\/comments?post=98989"}],"version-history":[{"count":36,"href":"https:\/\/metashare.com\/sv\/wp-json\/wp\/v2\/pages\/98989\/revisions"}],"predecessor-version":[{"id":99791,"href":"https:\/\/metashare.com\/sv\/wp-json\/wp\/v2\/pages\/98989\/revisions\/99791"}],"up":[{"embeddable":true,"href":"https:\/\/metashare.com\/sv\/wp-json\/wp\/v2\/pages\/99496"}],"wp:attachment":[{"href":"https:\/\/metashare.com\/sv\/wp-json\/wp\/v2\/media?parent=98989"}],"wp:term":[{"taxonomy":"element-controls","embeddable":true,"href":"https:\/\/metashare.com\/sv\/wp-json\/wp\/v2\/element-controls?post=98989"}],"curies":[{"name":"wp","href":"https:\/\/api.w.org\/{rel}","templated":true}]}}