{"id":98517,"date":"2024-04-23T11:11:11","date_gmt":"2024-04-23T09:11:11","guid":{"rendered":"https:\/\/metashare.com\/?page_id=98517"},"modified":"2025-10-13T14:00:15","modified_gmt":"2025-10-13T12:00:15","slug":"faq","status":"publish","type":"page","link":"https:\/\/metashare.com\/sv\/faq\/","title":{"rendered":"Vanliga fr\u00e5gor"},"content":{"rendered":"<div class=\"gb-container gb-container-0a40c3a7 gb-container-contained-small\">\n<div class=\"gb-container gb-container-38c1157f gb-container-contained-small-inner\">\n<h1 class=\"gb-headline gb-headline-ec5a7618 gb-headline-text\">Vanliga fr\u00e5gor<\/h1>\n\n\n<p><strong>Vart lagrar MetaShare dokument?<\/strong><br>Inga dokument lagras i MetaShare. De lagras i er Microsoft 365. Mer detaljer finns i <a href=\"https:\/\/metashare.com\/sv\/metashares-arkitektur\/\" data-type=\"page\" data-id=\"5970\">MetaShares arkitektur<\/a>.<\/p>\n\n\n\n<p><strong>Finns v\u00e5ra dokument kvar om man avinstallerar MetaShare?<\/strong><br>Era dokument finns kvar med samma metadata och beh\u00f6righeter som tidigare.<\/p>\n\n\n\n<p><strong>Hur avinstallerar man MetaShare?<\/strong><br>En admininstrat\u00f6r kan n\u00e4r som helst <a href=\"https:\/\/metashare.com\/en\/metashare-terms-and-conditions\/\" target=\"_blank\" rel=\"noreferrer noopener\">s\u00e4ga upp ert abonnemang<\/a> och <a href=\"https:\/\/help.metashare.com\/en\/faq\/how-do-i-inactivate-metashare\/\" target=\"_blank\" rel=\"noreferrer noopener\">avinstallera appen<\/a>.<\/p>\n\n\n\n<p><strong>Lagras personuppgifter i MetaShare?<\/strong><br>Anv\u00e4ndarnamn och namn p\u00e5 samarbetsytor, som kan inneh\u00e5lla personuppgifter lagras i MetaShares databas. Detta \u00e4r n\u00f6dv\u00e4ndigt f\u00f6r att tillhandah\u00e5lla funktioner som p\u00e5minnelser med mera. Du kan n\u00e4r som helst beg\u00e4ra utdrag eller radering av personuppgifter enligt <a href=\"https:\/\/ways.se\/sv\/integritetspolicy\/\">Ways integritetspolicy<\/a>.<\/p>\n\n\n\n<p><strong>Har MetaShare st\u00f6d f\u00f6r Single Sign-On (SSO)?<\/strong><br>Ja, men vilka autentiseringsmetoder som st\u00f6ds varierar beroende p\u00e5 <a href=\"https:\/\/metashare.com\/sv\/hosting-alternativ\/\">hostingalternativ<\/a>.<\/p>\n\n\n\n<p><strong>Har MetaShare n\u00e5gon s\u00e4kerhetscertifiering?<\/strong><br>F\u00f6r din trygghet har Microsoft godk\u00e4nnt s\u00e4kerheten i MetaShare inom ramen f\u00f6r <a href=\"https:\/\/ways.se\/sv\/nyheter\/microsoft-belonar-metashare-med-kvalitetsstampel-for-saker-datahantering\/\">Microsoft 365 App Certification<\/a>.<\/p>\n\n\n\n<p>MetaShare bygger p\u00e5 Microsoft 365 som sj\u00e4lvt f\u00f6ljer ett stort antal <a href=\"https:\/\/learn.microsoft.com\/en-us\/compliance\/regulatory\/offering-home\" target=\"_blank\" rel=\"noreferrer noopener\">standarder och regleringar f\u00f6r s\u00e4kerhet<\/a>, t.ex. ISO 27000, FDA CFR Title 21 Part 11, SOC.<\/p>\n\n\n\n<p><strong>Kan man uppfylla GDPR, FDA CFR Title 21, ISO 27000, ISO 9000, med MetaShare?<\/strong><br>MetaShare kan vara till stor hj\u00e4lp f\u00f6r efterlevnad av lagar och regler. L\u00e4s mer om hur MetaShare underl\u00e4ttar f\u00f6r efterlevnad f\u00f6r olika scenarion under <a href=\"https:\/\/metashare.com\/sv\/losningar\/\">l\u00f6sningar<\/a>.<\/p>\n\n\n\n<p><strong>\u00c4r MetaShare tillg\u00e4nglighetsanpassat enligt WCAG\/DOS-lagen?<\/strong><br>Tillg\u00e4nglighet \u00e4r viktigt f\u00f6r oss och n\u00e5got som vi alltid tar h\u00e4nsyn till i utvecklingen med <a href=\"https:\/\/www.w3.org\/TR\/WCAG21\/\" target=\"_blank\" rel=\"noreferrer noopener\">WCAG 2.1 AA<\/a> som riktm\u00e4rke. Om du uppt\u00e4ckt tillg\u00e4nglighetsproblem i MetaShare, v\u00e4nligen <a href=\"https:\/\/metashare.com\/sv\/kontakta-oss\/\" data-type=\"page\" data-id=\"6018\">kontakta oss<\/a>.<\/p>\n\n\n\n<p><strong>Finns spr\u00e5kst\u00f6d i MetaShare?<\/strong><br>MetaShare har spr\u00e5kst\u00f6d f\u00f6r svenska, engelska och tyska. Fler spr\u00e5k kan l\u00e4ggas till p\u00e5 beg\u00e4ran.<\/p>\n\n\n\n<p><strong>Kan MetaShare anv\u00e4ndas f\u00f6r PDF, CAD, DWG osv.?<\/strong><br>MetaShare har samma <a href=\"https:\/\/ways.se\/sv\/artiklar\/arbeta-med-adobe-filer-i-microsoft-365\/\">st\u00f6d f\u00f6r f\u00f6rhandsgranskning och redigering<\/a> som Microsoft&nbsp;365. I vissa fall kr\u00e4vs till\u00e4ggsappar fr\u00e5n filformatets leverant\u00f6r, till exempel Adobe eller AutoDesk.<\/p>\n\n\n\n<p><strong>Kan alla se mina dokument i MetaShare?<\/strong><br>MetaShare f\u00f6ljer de beh\u00f6righeter som \u00e4r satta i Microsoft&nbsp;365. Om du laddat upp dokument till en arbetsyta, kan de bara ses av de som har tillg\u00e5ng till den ytan. <\/p>\n\n<\/div>\n<\/div>\n\n<div class=\"gb-container gb-container-93cf9ccb gb-container-contained-small\">\n<div class=\"gb-container gb-container-ee5f9fe5 gb-container-contained-small-inner\">\n\n<h3 class=\"wp-block-heading\">L\u00e4s mer<\/h3>\n\n\n\n<p><a href=\"https:\/\/metashare.com\/sv\/fordelar\/\" data-type=\"page\" data-id=\"5600\">F\u00f6rdelar<\/a><\/p>\n\n\n\n<p><a href=\"https:\/\/metashare.com\/sv\/losningar\/\" data-type=\"page\" data-id=\"12173\">L\u00f6sningar<\/a><\/p>\n\n\n\n<p><a href=\"https:\/\/metashare.com\/sv\/sa-funkar-det\/\" data-type=\"page\" data-id=\"6013\">S\u00e5 funkar det<\/a><\/p>\n\n\n\n<p><a href=\"https:\/\/metashare.com\/sv\/metashare-vs-sharepoint\/\" data-type=\"page\" data-id=\"6017\">Boostar Microsoft&nbsp;365<\/a><\/p>\n\n\n\n<p><a href=\"https:\/\/metashare.com\/sv\/hosting-alternativ\/\" data-type=\"page\" data-id=\"11954\">Hosting-alternativ<\/a><\/p>\n\n\n\n<p><a href=\"https:\/\/metashare.com\/sv\/kom-igang\/\" data-type=\"page\" data-id=\"5887\">Kom ig\u00e5ng<\/a><\/p>\n\n<\/div>\n<\/div>","protected":false},"excerpt":{"rendered":"<p>Har du fr\u00e5gor om MetaShare? Bes\u00f6k v\u00e5r FAQ-sida f\u00f6r information och hj\u00e4lp att komma ig\u00e5ng \u2013 l\u00e4s mer och hitta l\u00f6sningen nu!<\/p>\n","protected":false},"author":7,"featured_media":0,"parent":0,"menu_order":0,"comment_status":"closed","ping_status":"closed","template":"","meta":{"_acf_changed":false,"footnotes":""},"element-controls":[],"class_list":{"0":"post-98517","1":"page","2":"type-page","3":"status-publish","5":"no-featured-image-padding"},"acf":[],"_links":{"self":[{"href":"https:\/\/metashare.com\/sv\/wp-json\/wp\/v2\/pages\/98517","targetHints":{"allow":["GET"]}}],"collection":[{"href":"https:\/\/metashare.com\/sv\/wp-json\/wp\/v2\/pages"}],"about":[{"href":"https:\/\/metashare.com\/sv\/wp-json\/wp\/v2\/types\/page"}],"author":[{"embeddable":true,"href":"https:\/\/metashare.com\/sv\/wp-json\/wp\/v2\/users\/7"}],"replies":[{"embeddable":true,"href":"https:\/\/metashare.com\/sv\/wp-json\/wp\/v2\/comments?post=98517"}],"version-history":[{"count":31,"href":"https:\/\/metashare.com\/sv\/wp-json\/wp\/v2\/pages\/98517\/revisions"}],"predecessor-version":[{"id":99672,"href":"https:\/\/metashare.com\/sv\/wp-json\/wp\/v2\/pages\/98517\/revisions\/99672"}],"wp:attachment":[{"href":"https:\/\/metashare.com\/sv\/wp-json\/wp\/v2\/media?parent=98517"}],"wp:term":[{"taxonomy":"element-controls","embeddable":true,"href":"https:\/\/metashare.com\/sv\/wp-json\/wp\/v2\/element-controls?post=98517"}],"curies":[{"name":"wp","href":"https:\/\/api.w.org\/{rel}","templated":true}]}}