{"id":98127,"date":"2024-02-20T09:54:36","date_gmt":"2024-02-20T08:54:36","guid":{"rendered":"https:\/\/metashare.com\/?page_id=98127"},"modified":"2025-06-02T10:47:33","modified_gmt":"2025-06-02T08:47:33","slug":"forsaljningsportal","status":"publish","type":"page","link":"https:\/\/metashare.com\/sv\/tillampningar\/forsaljningsportal\/","title":{"rendered":"F\u00f6rs\u00e4ljningsportal"},"content":{"rendered":"\n<p>Effektiv dokumenthantering \u00e4r avg\u00f6rande f\u00f6r att s\u00e4kerst\u00e4lla en smidig s\u00e4ljprocess. MetaShare hj\u00e4lper s\u00e4ljavdelningen att uppn\u00e5 \u00f6kad effektivitet genom snabbare \u00e5tkomst till viktig information, ett f\u00f6rb\u00e4ttrat samarbete och ett mer organiserat arbete.&nbsp;&nbsp;<\/p>\n\n\n\n<p>MetaShare f\u00f6r s\u00e4ljavdelningen inneb\u00e4r:&nbsp;<\/p>\n\n\n\n<ol class=\"wp-block-list\">\n<li><strong>Effektivitet:<\/strong> Snabb och enkel \u00e5tkomst till relevanta dokument \u00f6kar arbetsfl\u00f6det och minskar on\u00f6dig tids\u00e5tg\u00e5ng.&nbsp;<\/li>\n\n\n\n<li><strong>Samarbete:<\/strong> En strukturerad dokumenthantering fr\u00e4mjar smidigt samarbete genom att g\u00f6ra det l\u00e4ttare att dela och samarbeta kring f\u00f6rs\u00e4ljningsmaterial och information.&nbsp;<\/li>\n\n\n\n<li><strong>Kundhantering:<\/strong> B\u00e4ttre dokumenthantering m\u00f6jligg\u00f6r en snabbare och mer noggrann hantering av kundrelaterade dokument, vilket f\u00f6rb\u00e4ttrar kundrelationerna.&nbsp;<\/li>\n\n\n\n<li><strong>F\u00f6rb\u00e4ttrad f\u00f6rs\u00e4ljningscykel:<\/strong> Genom att organisera och sp\u00e5ra dokument kan s\u00e4ljavdelningen enkelt f\u00f6lja upp och anpassa f\u00f6rs\u00e4ljningscykeln f\u00f6r b\u00e4ttre resultat.&nbsp;<\/li>\n\n\n\n<li><strong>Riskminimering:<\/strong> En korrekt och strukturerad dokumenthantering minimerar risken f\u00f6r felaktig anv\u00e4ndning eller f\u00f6rlust av viktig f\u00f6rs\u00e4ljningsinformation.&nbsp;<\/li>\n\n\n\n<li><strong>Kostnadsbesparing:<\/strong> Minskad tid f\u00f6r dokumenthantering och \u00f6kad automatisering kan leda till kostnadsbesparingar och \u00f6kad effektivitet.&nbsp;<\/li>\n\n\n\n<li><strong>\u00d6kad flexibilitet:<\/strong> M\u00f6jligheten att enkelt anpassa och justera dokumenthanteringsprocesser ger \u00f6kad flexibilitet f\u00f6r att m\u00f6ta f\u00f6r\u00e4ndrade aff\u00e4rsbehov och krav.&nbsp;<\/li>\n\n\n\n<li><strong>F\u00f6rb\u00e4ttrad efterlevnad:<\/strong> En strukturerad dokumenthantering hj\u00e4lper till att s\u00e4kerst\u00e4lla efterlevnad av regler och riktlinjer inom f\u00f6rs\u00e4ljningsverksamheten.&nbsp;<\/li>\n\n\n\n<li><strong>F\u00f6rst\u00e4rkt varum\u00e4rkeskonsistens:<\/strong> En enhetlig och strukturerad dokumenthantering s\u00e4kerst\u00e4ller att f\u00f6rs\u00e4ljningsteamet presenterar och kommunicerar f\u00f6retagets varum\u00e4rke p\u00e5 ett konsekvent s\u00e4tt.&nbsp;<\/li>\n<\/ol>\n\n\n\n<div class=\"wp-block-group has-text-bright-color has-accent-1-background-color has-text-color has-background has-link-color wp-elements-61591c078c2e5fac49fc78e018f1299c\"><div class=\"wp-block-group__inner-container is-layout-constrained wp-block-group-is-layout-constrained\">\n<h2 class=\"wp-block-heading has-text-bright-color has-text-color has-link-color wp-elements-7d28817be2bfed24a5b3beff0a15e0c4\">Integrera MetaShare med ditt CRM system\u00a0<\/h2>\n\n\n\n<p>MetaShare CRM Connector \u00e4r en app som skapar en integration mellan exempelvis Microsoft Dynamics och MetaShare (SharePoint) vilket g\u00f6r det betydligt enklare att hitta och arbeta med dokument i s\u00e5v\u00e4l Dynamics som i MetaShare.<\/p>\n\n\n\n<div class=\"wp-block-buttons is-layout-flex wp-block-buttons-is-layout-flex\">\n<div class=\"wp-block-button\"><a class=\"wp-block-button__link wp-element-button\" href=\"https:\/\/metashare.com\/sv\/losningar\/crm-connector\/\">L\u00e4s mer<\/a><\/div>\n<\/div>\n<\/div><\/div>\n","protected":false},"excerpt":{"rendered":"<p>F\u00f6renkla f\u00f6rs\u00e4ljningshanteringen med MetaShares portal. Strukturerad dokumenthantering och \u00f6kat samarbete \u2013 uppt\u00e4ck l\u00f6sningen och b\u00f6rja nu!<\/p>\n","protected":false},"author":5,"featured_media":0,"parent":12173,"menu_order":0,"comment_status":"closed","ping_status":"closed","template":"","meta":{"_acf_changed":false,"footnotes":""},"element-controls":[81],"class_list":{"0":"post-98127","1":"page","2":"type-page","3":"status-publish","5":"element-controls-single-column","6":"no-featured-image-padding"},"acf":[],"_links":{"self":[{"href":"https:\/\/metashare.com\/sv\/wp-json\/wp\/v2\/pages\/98127","targetHints":{"allow":["GET"]}}],"collection":[{"href":"https:\/\/metashare.com\/sv\/wp-json\/wp\/v2\/pages"}],"about":[{"href":"https:\/\/metashare.com\/sv\/wp-json\/wp\/v2\/types\/page"}],"author":[{"embeddable":true,"href":"https:\/\/metashare.com\/sv\/wp-json\/wp\/v2\/users\/5"}],"replies":[{"embeddable":true,"href":"https:\/\/metashare.com\/sv\/wp-json\/wp\/v2\/comments?post=98127"}],"version-history":[{"count":2,"href":"https:\/\/metashare.com\/sv\/wp-json\/wp\/v2\/pages\/98127\/revisions"}],"predecessor-version":[{"id":99261,"href":"https:\/\/metashare.com\/sv\/wp-json\/wp\/v2\/pages\/98127\/revisions\/99261"}],"up":[{"embeddable":true,"href":"https:\/\/metashare.com\/sv\/wp-json\/wp\/v2\/pages\/12173"}],"wp:attachment":[{"href":"https:\/\/metashare.com\/sv\/wp-json\/wp\/v2\/media?parent=98127"}],"wp:term":[{"taxonomy":"element-controls","embeddable":true,"href":"https:\/\/metashare.com\/sv\/wp-json\/wp\/v2\/element-controls?post=98127"}],"curies":[{"name":"wp","href":"https:\/\/api.w.org\/{rel}","templated":true}]}}