{"id":98044,"date":"2024-01-23T14:20:46","date_gmt":"2024-01-23T13:20:46","guid":{"rendered":"https:\/\/metashare.com\/?page_id=98044"},"modified":"2024-08-12T16:13:36","modified_gmt":"2024-08-12T14:13:36","slug":"upptack-metashare-en-helt-ny-typ-av-dokumenthantering-for-microsoft-365-anvandare","status":"publish","type":"page","link":"https:\/\/metashare.com\/sv\/upptack-metashare-en-helt-ny-typ-av-dokumenthantering-for-microsoft-365-anvandare\/","title":{"rendered":"Uppt\u00e4ck MetaShare \u2013 en helt ny typ av dokumenthantering f\u00f6r Microsoft 365-anv\u00e4ndare"},"content":{"rendered":"\n<div class=\"wp-block-columns is-layout-flex wp-container-core-columns-is-layout-9d6595d7 wp-block-columns-is-layout-flex\">\n<div class=\"wp-block-column is-layout-flow wp-block-column-is-layout-flow\">\n<div class=\"wp-block-group has-accent-2-background-color has-background\"><div class=\"wp-block-group__inner-container is-layout-constrained wp-block-group-is-layout-constrained\">\n<h2 class=\"wp-block-heading\">Allt fler inser aff\u00e4rsv\u00e4rdet av dokumenthantering<\/h2>\n\n\n\n<p>F\u00f6r Microsoft 365-anv\u00e4ndaren finns MetaShare, en helintegrerad och renodlad dokumenthanteringsl\u00f6sning som g\u00f6r det m\u00f6jligt att hantera dokument i Microsoft 365 p\u00e5 ett helt nytt s\u00e4tt.&nbsp;<\/p>\n\n\n\n<div class=\"wp-block-buttons is-layout-flex wp-block-buttons-is-layout-flex\">\n<div class=\"wp-block-button\"><a class=\"wp-block-button__link wp-element-button\" href=\"https:\/\/metashare.com\/sv\/demo\/\">Se demo<\/a><\/div>\n<\/div>\n<\/div><\/div>\n\n\n\n<figure class=\"wp-block-image size-large\"><img loading=\"lazy\" decoding=\"async\" width=\"1024\" height=\"683\" src=\"https:\/\/metashare.com\/wp-content\/uploads\/iStock-1444536152-1024x683.jpg\" alt=\"\" class=\"wp-image-98066\" srcset=\"https:\/\/metashare.com\/wp-content\/uploads\/iStock-1444536152-1024x683.jpg 1024w, https:\/\/metashare.com\/wp-content\/uploads\/iStock-1444536152-300x200.jpg 300w, https:\/\/metashare.com\/wp-content\/uploads\/iStock-1444536152-768x512.jpg 768w, https:\/\/metashare.com\/wp-content\/uploads\/iStock-1444536152-1536x1025.jpg 1536w, https:\/\/metashare.com\/wp-content\/uploads\/iStock-1444536152-2048x1366.jpg 2048w\" sizes=\"auto, (max-width: 1024px) 100vw, 1024px\" \/><\/figure>\n<\/div>\n\n\n\n<div class=\"wp-block-column is-layout-flow wp-block-column-is-layout-flow\">\n<div class=\"wp-block-group has-text-bright-color has-accent-1-background-color has-text-color has-background has-link-color wp-elements-91a3465a9ace2f821513afecfb646932\"><div class=\"wp-block-group__inner-container is-layout-constrained wp-block-group-is-layout-constrained\">\n<h2 class=\"wp-block-heading\">MetaShare optimerar organisationens dokumenthantering<\/h2>\n\n\n\n<p>MetaShares unika, anv\u00e4ndarv\u00e4nliga gr\u00e4nssnitt s\u00e4kerst\u00e4ller ett friktionsfritt och enhetligt arbetss\u00e4tt och att medarbetarna alltid hittar och arbetar i r\u00e4tt dokument.<\/p>\n\n\n\n<p>Med MetaShare f\u00e5r du:&nbsp;<\/p>\n\n\n\n<ul class=\"wp-block-list\">\n<li>100% kontroll \u00f6ver dina dokument&nbsp;<\/li>\n\n\n\n<li>Vetskap om att medarbetarna arbetar i r\u00e4tt dokument&nbsp;<\/li>\n\n\n\n<li>Utesluten risk f\u00f6r obeh\u00f6rig \u00e5tkomst&nbsp;<\/li>\n\n\n\n<li>Dokumentstruktur med metadata och intelligens&nbsp;<\/li>\n\n\n\n<li>Enterprise search som hittar dokument oavsett var de \u00e4r lagrade<\/li>\n\n\n\n<li>Automatisk gallring och arkivering<\/li>\n<\/ul>\n\n\n\n<div class=\"wp-block-buttons is-layout-flex wp-block-buttons-is-layout-flex\">\n<div class=\"wp-block-button\"><a class=\"wp-block-button__link wp-element-button\" href=\"https:\/\/metashare.com\/sv\/boka-demo\/\">Boka demo<\/a><\/div>\n\n\n\n<div class=\"wp-block-button\"><a class=\"wp-block-button__link wp-element-button\" href=\"https:\/\/metashare.com\/sv\/try-metashare\/\">Prova p\u00e5<\/a><\/div>\n<\/div>\n<\/div><\/div>\n<\/div>\n<\/div>\n","protected":false},"excerpt":{"rendered":"<p>Allt fler inser aff\u00e4rsv\u00e4rdet av dokumenthantering F\u00f6r Microsoft 365-anv\u00e4ndaren finns MetaShare, en helintegrerad och renodlad dokumenthanteringsl\u00f6sning som g\u00f6r det m\u00f6jligt att hantera dokument i Microsoft 365 p\u00e5 ett helt nytt s\u00e4tt.&nbsp; MetaShare optimerar organisationens dokumenthantering &#8230; <a title=\"Uppt\u00e4ck MetaShare \u2013 en helt ny typ av dokumenthantering f\u00f6r Microsoft 365-anv\u00e4ndare\" class=\"read-more\" href=\"https:\/\/metashare.com\/sv\/upptack-metashare-en-helt-ny-typ-av-dokumenthantering-for-microsoft-365-anvandare\/\" aria-label=\"L\u00e4s mer om Uppt\u00e4ck MetaShare \u2013 en helt ny typ av dokumenthantering f\u00f6r Microsoft 365-anv\u00e4ndare\">L\u00e4s mer<\/a><\/p>\n","protected":false},"author":5,"featured_media":0,"parent":0,"menu_order":0,"comment_status":"closed","ping_status":"closed","template":"","meta":{"_acf_changed":false,"footnotes":""},"element-controls":[],"class_list":{"0":"post-98044","1":"page","2":"type-page","3":"status-publish","5":"no-featured-image-padding"},"acf":[],"_links":{"self":[{"href":"https:\/\/metashare.com\/sv\/wp-json\/wp\/v2\/pages\/98044","targetHints":{"allow":["GET"]}}],"collection":[{"href":"https:\/\/metashare.com\/sv\/wp-json\/wp\/v2\/pages"}],"about":[{"href":"https:\/\/metashare.com\/sv\/wp-json\/wp\/v2\/types\/page"}],"author":[{"embeddable":true,"href":"https:\/\/metashare.com\/sv\/wp-json\/wp\/v2\/users\/5"}],"replies":[{"embeddable":true,"href":"https:\/\/metashare.com\/sv\/wp-json\/wp\/v2\/comments?post=98044"}],"version-history":[{"count":19,"href":"https:\/\/metashare.com\/sv\/wp-json\/wp\/v2\/pages\/98044\/revisions"}],"predecessor-version":[{"id":98770,"href":"https:\/\/metashare.com\/sv\/wp-json\/wp\/v2\/pages\/98044\/revisions\/98770"}],"wp:attachment":[{"href":"https:\/\/metashare.com\/sv\/wp-json\/wp\/v2\/media?parent=98044"}],"wp:term":[{"taxonomy":"element-controls","embeddable":true,"href":"https:\/\/metashare.com\/sv\/wp-json\/wp\/v2\/element-controls?post=98044"}],"curies":[{"name":"wp","href":"https:\/\/api.w.org\/{rel}","templated":true}]}}