{"id":97939,"date":"2023-12-19T13:59:55","date_gmt":"2023-12-19T12:59:55","guid":{"rendered":"https:\/\/metashare.com\/?page_id=97939"},"modified":"2025-06-02T10:44:05","modified_gmt":"2025-06-02T08:44:05","slug":"projektytor","status":"publish","type":"page","link":"https:\/\/metashare.com\/sv\/tillampningar\/projektytor\/","title":{"rendered":"Projektytor"},"content":{"rendered":"\n<p>Dokumentation \u00e4r en grundl\u00e4ggande del av processen i varje projekt och en korrekt dokumenthantering kan vara avg\u00f6rande f\u00f6r projektet framg\u00e5ng. Att anv\u00e4nda MetaShare i projekt har positiv p\u00e5verkan p\u00e5 effektiviteten, kvaliteten och transparensen i projektarbetet.<\/p>\n\n\n\n<p>MetaShare i projekt \u00e4r utformat f\u00f6r att organisera, sp\u00e5ra och hantera samtliga projektrelaterade dokument p\u00e5 ett strukturerat och anv\u00e4ndarv\u00e4nligt s\u00e4tt.<\/p>\n\n\n\n<p>Projektytor i MetaShare inneb\u00e4r:<\/p>\n\n\n\n<ol class=\"wp-block-list\">\n<li><strong>Centralisering av dokument:<\/strong> Genom att samla alla projektrelaterade dokument p\u00e5 en central yta blir det enklare f\u00f6r projektmedlemmar att hitta och anv\u00e4nda n\u00f6dv\u00e4ndig information. Det minskar risken f\u00f6r att dokument g\u00e5r f\u00f6rlorade eller att flera versioner cirkulerar.<\/li>\n\n\n\n<li><strong>Anpassad projektsajt:<\/strong> MetaShare f\u00f6r projekt kan anpassas efter olika typer av projekt och d\u00e4rmed kategoriserats olika med olika regelverk.<\/li>\n\n\n\n<li><strong>S\u00e4kerhet och beh\u00f6righet:<\/strong> MetaShare ger m\u00f6jlighet att begr\u00e4nsa \u00e5tkomsten till projektinformation baserat p\u00e5 anv\u00e4ndares beh\u00f6righeter. K\u00e4nslig information kan s\u00e4kras och endast beh\u00f6riga personer har tillg\u00e5ng.<\/li>\n\n\n\n<li><strong>Versionskontroll:<\/strong> MetaShare h\u00e5ller reda p\u00e5 olika versioner av dokument, s\u00e5 att det \u00e4r enkelt att g\u00e5 tillbaka till tidigare revisioner om det beh\u00f6vs. Minimerar risken f\u00f6r att \u00e4ndringar g\u00e5r f\u00f6rlorade.<\/li>\n\n\n\n<li><strong>Samarbete:<\/strong> MetaShare erbjuder samarbetsfunktioner s\u00e5som samtidig redigering, kommentarer och diskussionsforum. Fr\u00e4mjar effektivt samarbete inom projektgruppen.<\/li>\n\n\n\n<li><strong>Tidsbesparing:<\/strong> Automatiserade processer g\u00e5r att applicera, s\u00e5som automatisk taggning, informationsklassificering och arkivering. Spara tid som annars skulle anv\u00e4ndas till manuell dokumenthantering.<\/li>\n\n\n\n<li><strong>\u00d6kad transparens:<\/strong> Projektledare och intressenter kan snabbt f\u00e5 insikt i projektets status och dokumenthistorik. Bidrar till att skapa en \u00f6ppen och transparent projektmilj\u00f6.<\/li>\n\n\n\n<li><strong>F\u00f6lj regler och standarder:<\/strong> MetaShare anpassas f\u00f6r att uppfylla branschspecifika standarder och \u00f6verensst\u00e4mmelsekrav. Minskar risker och underl\u00e4ttar revision.<\/li>\n<\/ol>\n\n\n\n<p>MetaShare fungerar \u00e4ven i Microsoft Teams om organisationen nyttjar Teams f\u00f6r samarbete.<\/p>\n\n\n\n<p>MetaShare i projekt \u00e4r en viktig investering f\u00f6r att effektivisera arbetsprocesser, \u00f6ka informationens s\u00e4kerhet och st\u00f6dja projektets framg\u00e5ng.<\/p>\n\n\n\n<p><strong><a href=\"https:\/\/metashare.com\/sv\/kontakta-oss\/\" data-type=\"page\" data-id=\"6018\">Kontakta oss<\/a> <\/strong>f\u00f6r hj\u00e4lp att s\u00e4tta upp projektytor i MetaShare.<\/p>\n","protected":false},"excerpt":{"rendered":"<p>F\u00f6renkla ditt projektarbete med MetaShare. Effektiv hantering av projektytor och dokument \u2013 l\u00e4s mer och optimera din arbetsprocess idag!<\/p>\n","protected":false},"author":5,"featured_media":0,"parent":12173,"menu_order":0,"comment_status":"closed","ping_status":"closed","template":"","meta":{"_acf_changed":false,"footnotes":""},"element-controls":[81],"class_list":{"0":"post-97939","1":"page","2":"type-page","3":"status-publish","5":"element-controls-single-column","6":"no-featured-image-padding"},"acf":[],"_links":{"self":[{"href":"https:\/\/metashare.com\/sv\/wp-json\/wp\/v2\/pages\/97939","targetHints":{"allow":["GET"]}}],"collection":[{"href":"https:\/\/metashare.com\/sv\/wp-json\/wp\/v2\/pages"}],"about":[{"href":"https:\/\/metashare.com\/sv\/wp-json\/wp\/v2\/types\/page"}],"author":[{"embeddable":true,"href":"https:\/\/metashare.com\/sv\/wp-json\/wp\/v2\/users\/5"}],"replies":[{"embeddable":true,"href":"https:\/\/metashare.com\/sv\/wp-json\/wp\/v2\/comments?post=97939"}],"version-history":[{"count":2,"href":"https:\/\/metashare.com\/sv\/wp-json\/wp\/v2\/pages\/97939\/revisions"}],"predecessor-version":[{"id":99257,"href":"https:\/\/metashare.com\/sv\/wp-json\/wp\/v2\/pages\/97939\/revisions\/99257"}],"up":[{"embeddable":true,"href":"https:\/\/metashare.com\/sv\/wp-json\/wp\/v2\/pages\/12173"}],"wp:attachment":[{"href":"https:\/\/metashare.com\/sv\/wp-json\/wp\/v2\/media?parent=97939"}],"wp:term":[{"taxonomy":"element-controls","embeddable":true,"href":"https:\/\/metashare.com\/sv\/wp-json\/wp\/v2\/element-controls?post=97939"}],"curies":[{"name":"wp","href":"https:\/\/api.w.org\/{rel}","templated":true}]}}