{"id":97935,"date":"2023-12-19T13:50:05","date_gmt":"2023-12-19T12:50:05","guid":{"rendered":"https:\/\/metashare.com\/?page_id=97935"},"modified":"2025-06-02T10:54:53","modified_gmt":"2025-06-02T08:54:53","slug":"styrelse","status":"publish","type":"page","link":"https:\/\/metashare.com\/sv\/tillampningar\/styrelse\/","title":{"rendered":"Ledningsgrupp och styrelse"},"content":{"rendered":"\n<p>Ledningsgrupper och styrelser har s\u00e4rskilda behov n\u00e4r det g\u00e4ller att organisera, dela och samarbeta kring strategiska dokument och data.<\/p>\n\n\n\n<p>MetaShare f\u00f6r ledningsgrupper\/styrelser syftar till att skapa en centraliserad och s\u00e4ker plats d\u00e4r alla relevanta dokument kan lagras, enkelt hittas och delas mellan medlemmarna i ledningsgruppen\/styrelsen.<\/p>\n\n\n\n<p>MetaShare f\u00f6r ledningsgrupper\/styrelser inneb\u00e4r:<\/p>\n\n\n\n<ol class=\"wp-block-list\">\n<li><strong>Effektiv informationshantering:<\/strong> Genom att samla alla viktiga dokument p\u00e5 en plats blir det enklare att organisera och hantera information. Snabb och enkel tillg\u00e5ng till dokument sparar tid och minimerar f\u00f6rv\u00e4xlingar.<\/li>\n\n\n\n<li><strong>S\u00e4kerhet och sekretess:<\/strong> MetaShare erbjuder olika niv\u00e5er av s\u00e4kerhet och beh\u00f6righetskontroll. S\u00e4kerst\u00e4ller att bara auktoriserade personer har tillg\u00e5ng till k\u00e4nslig information.<\/li>\n\n\n\n<li><strong>Samarbete:<\/strong> MetaShare m\u00f6jligg\u00f6r samtidig redigering och kommentarer, vilket fr\u00e4mjar samarbete och effektivt beslutsfattande i realtid.<\/li>\n\n\n\n<li><strong>Versionshantering:<\/strong> G\u00f6r det enkelt att h\u00e5lla koll p\u00e5 olika versioner av dokument och se \u00e4ndringar \u00f6ver tid. V\u00e4rdefullt f\u00f6r revision och f\u00f6r att f\u00f6lja utvecklingen av strategiska dokument.<\/li>\n\n\n\n<li><strong>\u00c5tkomst fr\u00e5n olika enheter:<\/strong> MetaShare g\u00f6r det m\u00f6jligt att komma \u00e5t dokument fr\u00e5n olika enheter, vilket \u00e4r s\u00e4rskilt anv\u00e4ndbart f\u00f6r ledningsgrupper som ofta \u00e4r p\u00e5 spr\u00e5ng.<\/li>\n\n\n\n<li><strong>B\u00e4ttre beslutsfattande:<\/strong> Med snabb \u00e5tkomst till uppdaterad information och m\u00f6jligheten att samarbeta p\u00e5 distans, kan din ledningsgrupp fatta mer informerade och v\u00e4lgrundade beslut.<\/li>\n<\/ol>\n\n\n\n<p><strong><a href=\"https:\/\/metashare.com\/sv\/kontakta-oss\/\" data-type=\"page\" data-id=\"6018\">Kontakta oss<\/a> <\/strong>f\u00f6r hj\u00e4lp att s\u00e4tta upp MetaShare f\u00f6r ledningsgrupper\/styrelser.<\/p>\n","protected":false},"excerpt":{"rendered":"<p>MetaShare f\u00f6renklar styrelsearbetet med s\u00e4ker dokumenthantering. L\u00e4s mer och optimera era styrelseprocesser redan idag!<\/p>\n","protected":false},"author":5,"featured_media":0,"parent":12173,"menu_order":0,"comment_status":"closed","ping_status":"closed","template":"","meta":{"_acf_changed":false,"footnotes":""},"element-controls":[81],"class_list":{"0":"post-97935","1":"page","2":"type-page","3":"status-publish","5":"element-controls-single-column","6":"no-featured-image-padding"},"acf":[],"_links":{"self":[{"href":"https:\/\/metashare.com\/sv\/wp-json\/wp\/v2\/pages\/97935","targetHints":{"allow":["GET"]}}],"collection":[{"href":"https:\/\/metashare.com\/sv\/wp-json\/wp\/v2\/pages"}],"about":[{"href":"https:\/\/metashare.com\/sv\/wp-json\/wp\/v2\/types\/page"}],"author":[{"embeddable":true,"href":"https:\/\/metashare.com\/sv\/wp-json\/wp\/v2\/users\/5"}],"replies":[{"embeddable":true,"href":"https:\/\/metashare.com\/sv\/wp-json\/wp\/v2\/comments?post=97935"}],"version-history":[{"count":3,"href":"https:\/\/metashare.com\/sv\/wp-json\/wp\/v2\/pages\/97935\/revisions"}],"predecessor-version":[{"id":99264,"href":"https:\/\/metashare.com\/sv\/wp-json\/wp\/v2\/pages\/97935\/revisions\/99264"}],"up":[{"embeddable":true,"href":"https:\/\/metashare.com\/sv\/wp-json\/wp\/v2\/pages\/12173"}],"wp:attachment":[{"href":"https:\/\/metashare.com\/sv\/wp-json\/wp\/v2\/media?parent=97935"}],"wp:term":[{"taxonomy":"element-controls","embeddable":true,"href":"https:\/\/metashare.com\/sv\/wp-json\/wp\/v2\/element-controls?post=97935"}],"curies":[{"name":"wp","href":"https:\/\/api.w.org\/{rel}","templated":true}]}}