{"id":97933,"date":"2023-12-19T13:47:33","date_gmt":"2023-12-19T12:47:33","guid":{"rendered":"https:\/\/metashare.com\/?page_id=97933"},"modified":"2025-06-02T10:44:51","modified_gmt":"2025-06-02T08:44:51","slug":"datarum","status":"publish","type":"page","link":"https:\/\/metashare.com\/sv\/tillampningar\/datarum\/","title":{"rendered":"Datarum"},"content":{"rendered":"\n<p>I den moderna aff\u00e4rsv\u00e4rlden d\u00e4r information \u00e4r en av de mest v\u00e4rdefulla tillg\u00e5ngarna \u00e4r effektiv hantering och s\u00e4kerhet f\u00f6r f\u00f6retagsdokument avg\u00f6rande. Ett datarum, f\u00f6r exempelvis fusioner och f\u00f6rv\u00e4rv, avtalsf\u00f6rhandlingar, och hantering av ekonomidata \u00e4r en oumb\u00e4rlig resurs f\u00f6r organisationer som str\u00e4var efter att centralt organisera, s\u00e4kra och effektivt hantera sin dokumentation.<\/p>\n\n\n\n<p>MetaShare datarum f\u00f6r dokumenthantering \u00e4r en digital plattform som syftar till ett strukturerat och s\u00e4kert s\u00e4tt att hantera viktiga dokument och information. MetaShare anpassas enkelt efter specifika behov och anv\u00e4ndningsomr\u00e5den.<\/p>\n\n\n\n<p>MetaShare datarum inneb\u00e4r:<\/p>\n\n\n\n<ol class=\"wp-block-list\">\n<li><strong>Centralisering och Organisation:<\/strong> Datarummet i MetaShare ger en central och strukturerad plats f\u00f6r att lagra och organisera alla dokument och filer. Det g\u00f6r det enklare f\u00f6r anv\u00e4ndare att hitta och dela information snabbt.<\/li>\n\n\n\n<li><strong>S\u00e4kerhet och Sekretess:<\/strong> MetaShare har avancerade s\u00e4kerhets\u00e5tg\u00e4rder och beh\u00f6righetskontroller, vilket inneb\u00e4r att k\u00e4nslig information skyddas mot obeh\u00f6rig \u00e5tkomst och dataintr\u00e5ng.<\/li>\n\n\n\n<li><strong>Versionshantering:<\/strong> Genom att h\u00e5lla koll p\u00e5 olika versioner av dokument kan datarummet hj\u00e4lpa till att sp\u00e5ra \u00e4ndringar \u00f6ver tid och s\u00e4kerst\u00e4lla dokumentets integritet.<\/li>\n\n\n\n<li><strong>Samarbete:<\/strong> MetaShare erbjuder samarbetsfunktioner, inklusive m\u00f6jlighet till samtidig redigering och kommentarer, vilket fr\u00e4mjar effektivt arbete och kommunikation.<\/li>\n\n\n\n<li><strong>Mobilitet och \u00e5tkomst:<\/strong> MetaShare \u00e4r tillg\u00e4ngliga fr\u00e5n olika enheter och platser, vilket \u00e4r s\u00e4rskilt anv\u00e4ndbart f\u00f6r f\u00f6retag med mobila och fj\u00e4rrarbetande team.<\/li>\n\n\n\n<li><strong>F\u00f6lj standarder och regler:<\/strong> Datarum kan anpassas f\u00f6r att uppfylla branschspecifika standarder och efterleva lagkrav och regler, vilket minskar risken f\u00f6r icke-efterlevnad.<\/li>\n<\/ol>\n\n\n\n<p><strong><a href=\"https:\/\/metashare.com\/sv\/kontakta-oss\/\" data-type=\"page\" data-id=\"6018\">Kontakta oss<\/a> <\/strong>f\u00f6r hj\u00e4lp att s\u00e4tta upp\u00a0datarum i MetaShare.<\/p>\n","protected":false},"excerpt":{"rendered":"<p>MetaShare erbjuder en s\u00e4ker och effektiv datarumsl\u00f6sning. Skydda och organisera dina aff\u00e4rsdokument \u2013 l\u00e4s mer och b\u00f6rja nu!<\/p>\n","protected":false},"author":5,"featured_media":0,"parent":12173,"menu_order":0,"comment_status":"closed","ping_status":"closed","template":"","meta":{"_acf_changed":false,"footnotes":""},"element-controls":[81],"class_list":{"0":"post-97933","1":"page","2":"type-page","3":"status-publish","5":"element-controls-single-column","6":"no-featured-image-padding"},"acf":[],"_links":{"self":[{"href":"https:\/\/metashare.com\/sv\/wp-json\/wp\/v2\/pages\/97933","targetHints":{"allow":["GET"]}}],"collection":[{"href":"https:\/\/metashare.com\/sv\/wp-json\/wp\/v2\/pages"}],"about":[{"href":"https:\/\/metashare.com\/sv\/wp-json\/wp\/v2\/types\/page"}],"author":[{"embeddable":true,"href":"https:\/\/metashare.com\/sv\/wp-json\/wp\/v2\/users\/5"}],"replies":[{"embeddable":true,"href":"https:\/\/metashare.com\/sv\/wp-json\/wp\/v2\/comments?post=97933"}],"version-history":[{"count":2,"href":"https:\/\/metashare.com\/sv\/wp-json\/wp\/v2\/pages\/97933\/revisions"}],"predecessor-version":[{"id":99258,"href":"https:\/\/metashare.com\/sv\/wp-json\/wp\/v2\/pages\/97933\/revisions\/99258"}],"up":[{"embeddable":true,"href":"https:\/\/metashare.com\/sv\/wp-json\/wp\/v2\/pages\/12173"}],"wp:attachment":[{"href":"https:\/\/metashare.com\/sv\/wp-json\/wp\/v2\/media?parent=97933"}],"wp:term":[{"taxonomy":"element-controls","embeddable":true,"href":"https:\/\/metashare.com\/sv\/wp-json\/wp\/v2\/element-controls?post=97933"}],"curies":[{"name":"wp","href":"https:\/\/api.w.org\/{rel}","templated":true}]}}