{"id":97931,"date":"2023-12-19T13:42:40","date_gmt":"2023-12-19T12:42:40","guid":{"rendered":"https:\/\/metashare.com\/?page_id=97931"},"modified":"2025-06-02T10:46:59","modified_gmt":"2025-06-02T08:46:59","slug":"ekonomi","status":"publish","type":"page","link":"https:\/\/metashare.com\/sv\/tillampningar\/ekonomi\/","title":{"rendered":"Ekonomiportal"},"content":{"rendered":"\n<p>I den komplexa och datadrivna v\u00e4rlden \u00e4r det avg\u00f6rande f\u00f6r ekonomiavdelningen att ha effektiva verktyg och processer f\u00f6r att hantera, arkivera och analysera ekonomisk dokumentation. MetaShare som dokumenthanteringssystem, specifikt anpassat f\u00f6r ekonomiavdelningen maximerar produktiviteten, s\u00e4kerheten och noggrannheten i ekonomiarbetet.<\/p>\n\n\n\n<p>MetaShare f\u00f6r ekonomiavdelningen inneb\u00e4r:<\/p>\n\n\n\n<ol class=\"wp-block-list\">\n<li><strong>Effektiv informationshantering:<\/strong> Genom att digitalisera och centralisera ekonomisk dokumentation p\u00e5 en s\u00e4ker plattform blir det enklare att organisera, s\u00f6ka och f\u00e5 \u00e5tkomst till viktig information. Sparar tid och minskar risken f\u00f6r fel.<\/li>\n\n\n\n<li><strong>S\u00e4kerhet och sekretess:<\/strong> Dessa system erbjuder h\u00f6g niv\u00e5 av s\u00e4kerhet och beh\u00f6righetskontroll, vilket inneb\u00e4r att k\u00e4nslig ekonomisk information kan skyddas fr\u00e5n obeh\u00f6rig \u00e5tkomst och \u00f6vertr\u00e4delser av sekretesslagar.<\/li>\n\n\n\n<li><strong>Automatisering och workflow:<\/strong> Dokumenthanteringssystem f\u00f6r ekonomiavdelningen kan automatisera rutinm\u00e4ssiga ekonomiska processer, inklusive fakturahantering, bokf\u00f6ring och budgetplanering. Minskar manuellt arbete och risken f\u00f6r fel.<\/li>\n\n\n\n<li><strong>B\u00e4ttre bokf\u00f6ring och revision:<\/strong> Genom att ha en strukturerad digital dokumentation och revisionssp\u00e5r blir det enklare att uppfylla revisionens krav och bokf\u00f6ringsstandarder.<\/li>\n\n\n\n<li><strong>Kostnadsbesparingar:<\/strong> Genom att minska pappersanv\u00e4ndning, f\u00f6rb\u00e4ttra processer och effektivisera arkivering kan dokumenthanteringssystem hj\u00e4lpa till att minska kostnader.<\/li>\n\n\n\n<li><strong>\u00d6kad \u00f6verensst\u00e4mmelse och regelf\u00f6ljande:<\/strong> MetaShare kan enkelt anpassas f\u00f6r att uppfylla specifika ekonomiska standarder och regelverk, vilket minskar f\u00f6retagets risker.<\/li>\n<\/ol>\n\n\n\n<p><strong><a href=\"https:\/\/metashare.com\/sv\/kontakta-oss\/\" data-type=\"page\" data-id=\"6018\">Kontakta oss<\/a> <\/strong>f\u00f6r hj\u00e4lp att s\u00e4tta upp MetaShare f\u00f6r ekonomiavdelningen. <\/p>\n","protected":false},"excerpt":{"rendered":"<p>Optimera din ekonomihantering med MetaShare. Effektivisera processer och f\u00e5 b\u00e4ttre kontroll \u2013 l\u00e4s mer och f\u00f6rb\u00e4ttra din ekonomi idag!<\/p>\n","protected":false},"author":5,"featured_media":0,"parent":12173,"menu_order":0,"comment_status":"closed","ping_status":"closed","template":"","meta":{"_acf_changed":false,"footnotes":""},"element-controls":[81],"class_list":{"0":"post-97931","1":"page","2":"type-page","3":"status-publish","5":"element-controls-single-column","6":"no-featured-image-padding"},"acf":[],"_links":{"self":[{"href":"https:\/\/metashare.com\/sv\/wp-json\/wp\/v2\/pages\/97931","targetHints":{"allow":["GET"]}}],"collection":[{"href":"https:\/\/metashare.com\/sv\/wp-json\/wp\/v2\/pages"}],"about":[{"href":"https:\/\/metashare.com\/sv\/wp-json\/wp\/v2\/types\/page"}],"author":[{"embeddable":true,"href":"https:\/\/metashare.com\/sv\/wp-json\/wp\/v2\/users\/5"}],"replies":[{"embeddable":true,"href":"https:\/\/metashare.com\/sv\/wp-json\/wp\/v2\/comments?post=97931"}],"version-history":[{"count":4,"href":"https:\/\/metashare.com\/sv\/wp-json\/wp\/v2\/pages\/97931\/revisions"}],"predecessor-version":[{"id":99260,"href":"https:\/\/metashare.com\/sv\/wp-json\/wp\/v2\/pages\/97931\/revisions\/99260"}],"up":[{"embeddable":true,"href":"https:\/\/metashare.com\/sv\/wp-json\/wp\/v2\/pages\/12173"}],"wp:attachment":[{"href":"https:\/\/metashare.com\/sv\/wp-json\/wp\/v2\/media?parent=97931"}],"wp:term":[{"taxonomy":"element-controls","embeddable":true,"href":"https:\/\/metashare.com\/sv\/wp-json\/wp\/v2\/element-controls?post=97931"}],"curies":[{"name":"wp","href":"https:\/\/api.w.org\/{rel}","templated":true}]}}