{"id":97929,"date":"2023-12-19T13:41:12","date_gmt":"2023-12-19T12:41:12","guid":{"rendered":"https:\/\/metashare.com\/?page_id=97929"},"modified":"2025-06-02T10:48:43","modified_gmt":"2025-06-02T08:48:43","slug":"hr","status":"publish","type":"page","link":"https:\/\/metashare.com\/sv\/tillampningar\/hr\/","title":{"rendered":"HR-portal"},"content":{"rendered":"\n<p>HR-avdelningen ansvarar f\u00f6r att hantera och administrera ett brett spektrum av dokument och information relaterad till f\u00f6retagets mest v\u00e4rdefulla resurs, medarbetarna. MetaShare supporterar HR-avdelningar med att effektivt uppfylla sitt uppdrag och samtidigt \u00f6ka produktiviteten och noggrannheten i arbetet.<\/p>\n\n\n\n<p>MetaShare f\u00f6r HR-avdelningen inneb\u00e4r:<\/p>\n\n\n\n<ul class=\"wp-block-list\">\n<li><strong>Effektiv informationshantering:<\/strong> Genom att centralisera och organisera all personalrelaterad dokumentation till en digital plattform, blir det enkelt att hantera, s\u00f6ka och f\u00e5 \u00e5tkomst till viktig information. Sparar tid och minskar risken f\u00f6r datafel.<\/li>\n\n\n\n<li><strong>S\u00e4kerhet och sekretess:<\/strong> MetaShare erbjuder avancerade s\u00e4kerhets\u00e5tg\u00e4rder och beh\u00f6righetskontroller, vilket inneb\u00e4r att k\u00e4nslig personalinformation kan skyddas fr\u00e5n obeh\u00f6rig \u00e5tkomst och \u00f6vertr\u00e4delser av sekretesslagar.<\/li>\n\n\n\n<li><strong>Automatisering och workflow:<\/strong> MetaShare f\u00f6r HR-avdelningen automatiserar rutinm\u00e4ssiga arbetsfl\u00f6den och processer. Minskar manuellt arbete och risker f\u00f6r fel.<\/li>\n\n\n\n<li><strong>\u00d6kad tillg\u00e4nglighet:<\/strong> Med digitala dokument i Microsoft 365 kan HR-avdelningens medarbetare komma \u00e5t information fr\u00e5n olika platser och enheter, vilket \u00e4r s\u00e4rskilt anv\u00e4ndbart f\u00f6r fj\u00e4rrarbetande och mobila team.<\/li>\n\n\n\n<li><strong>Kostnadsbesparingar:<\/strong> Genom att minska pappersanv\u00e4ndning och effektivisera processer hj\u00e4lper MetaShare till att minska kostnader och resurssl\u00f6seri.<\/li>\n\n\n\n<li><strong>Efterlevnad av \u00f6verensst\u00e4mmelse och regelverk:<\/strong> MetaShare \u00e4r konfigurerbart f\u00f6r att uppfylla lagkrav och \u00f6verensst\u00e4mmelsekrav, vilket minskar risker f\u00f6r f\u00f6retaget.<\/li>\n<\/ul>\n\n\n\n<p>Att inf\u00f6ra MetaShare underl\u00e4ttar HR-processer och g\u00f6r dom mer effektiva och hj\u00e4lpa personalavdelningen dagliga arbete.<\/p>\n\n\n\n<p><strong><a href=\"https:\/\/metashare.com\/sv\/kontakta-oss\/\" data-type=\"page\" data-id=\"6018\">Kontakta oss<\/a> <\/strong>f\u00f6r hj\u00e4lp att s\u00e4tta upp MetaShare f\u00f6r HR-avdelning.<\/p>\n","protected":false},"excerpt":{"rendered":"<p>F\u00f6renkla din HR-hantering med MetaShare. Strukturera och s\u00e4kra anst\u00e4lldas information \u2013 uppt\u00e4ck l\u00f6sningen och kom ig\u00e5ng nu!<\/p>\n","protected":false},"author":5,"featured_media":0,"parent":12173,"menu_order":0,"comment_status":"closed","ping_status":"closed","template":"","meta":{"_acf_changed":false,"footnotes":""},"element-controls":[81],"class_list":{"0":"post-97929","1":"page","2":"type-page","3":"status-publish","5":"element-controls-single-column","6":"no-featured-image-padding"},"acf":[],"_links":{"self":[{"href":"https:\/\/metashare.com\/sv\/wp-json\/wp\/v2\/pages\/97929","targetHints":{"allow":["GET"]}}],"collection":[{"href":"https:\/\/metashare.com\/sv\/wp-json\/wp\/v2\/pages"}],"about":[{"href":"https:\/\/metashare.com\/sv\/wp-json\/wp\/v2\/types\/page"}],"author":[{"embeddable":true,"href":"https:\/\/metashare.com\/sv\/wp-json\/wp\/v2\/users\/5"}],"replies":[{"embeddable":true,"href":"https:\/\/metashare.com\/sv\/wp-json\/wp\/v2\/comments?post=97929"}],"version-history":[{"count":4,"href":"https:\/\/metashare.com\/sv\/wp-json\/wp\/v2\/pages\/97929\/revisions"}],"predecessor-version":[{"id":99262,"href":"https:\/\/metashare.com\/sv\/wp-json\/wp\/v2\/pages\/97929\/revisions\/99262"}],"up":[{"embeddable":true,"href":"https:\/\/metashare.com\/sv\/wp-json\/wp\/v2\/pages\/12173"}],"wp:attachment":[{"href":"https:\/\/metashare.com\/sv\/wp-json\/wp\/v2\/media?parent=97929"}],"wp:term":[{"taxonomy":"element-controls","embeddable":true,"href":"https:\/\/metashare.com\/sv\/wp-json\/wp\/v2\/element-controls?post=97929"}],"curies":[{"name":"wp","href":"https:\/\/api.w.org\/{rel}","templated":true}]}}