{"id":97924,"date":"2023-12-19T13:38:54","date_gmt":"2023-12-19T12:38:54","guid":{"rendered":"https:\/\/metashare.com\/?page_id=97924"},"modified":"2025-06-02T10:42:32","modified_gmt":"2025-06-02T08:42:32","slug":"avtalshantering","status":"publish","type":"page","link":"https:\/\/metashare.com\/sv\/tillampningar\/avtalshantering\/","title":{"rendered":"Avtalshantering"},"content":{"rendered":"\n<p>Att hantera avtal och juridisk dokumentation kan vara komplicerat, tidskr\u00e4vande och riskfyllt.\u202f Avtalshantering i MetaShare m\u00f6jligg\u00f6r centralisering, organisering och \u00f6versyn av samtliga avtal p\u00e5 ett st\u00e4lle, vilket f\u00f6renklar hanteringen, minskar risk och \u00f6kar effektiviteten.&nbsp;<\/p>\n\n\n\n<p>Avtalshantering i MetaShare s\u00e4kerst\u00e4ller:&nbsp;<\/p>\n\n\n\n<ul class=\"wp-block-list\">\n<li><strong>Tillg\u00e5ng till de senaste avtalsmallarna<\/strong>\u00a0<br>Med MetaShare f\u00e5r du omedelbar tillg\u00e5ng till de senaste avtalsmallarna, systemet har en centraliserad hantering av dokumentmallar och f\u00f6resl\u00e5r automatiskt r\u00e4tt mall baserat p\u00e5 ditt behov, och du kan skapa avtal direkt i MetaShare med enkelhet och effektivitet.\u00a0<\/li>\n\n\n\n<li><strong>Avtalens riktighet<\/strong>\u00a0<br>MetaShare s\u00e4kerst\u00e4ller avtalens riktighet genom versionshantering med fullst\u00e4ndig sp\u00e5rbarhet.\u00a0<\/li>\n\n\n\n<li><strong>Avtalens konfidentialitet<\/strong>\u00a0<br>MetaShare s\u00e4kerst\u00e4ller avtalens konfidentialitet genom korrekt beh\u00f6righetsstyrning.\u00a0<\/li>\n\n\n\n<li><strong>Avtalens tillg\u00e4nglighet<\/strong>\u00a0<br>MetaShare garanterar tillg\u00e4ngligheten av avtalen genom att erbjuda enkel s\u00f6kning samt effektiv kategorisering och filtrering, vilket g\u00f6r att du snabbt hittar det du s\u00f6ker.\u00a0<\/li>\n\n\n\n<li><strong>F\u00f6renklat samarbete med kollegor och motparter<\/strong>\u00a0<br>MetaShare f\u00f6renklar samarbetet med kollegor och motparter genom samredigering, kommentering, granskningsfl\u00f6de, godk\u00e4nnandefl\u00f6de och m\u00f6jlighet till elektronisk signering, exempelvis med Scrive.\u00a0<\/li>\n\n\n\n<li><strong>Att avtalen \u00e4r taggade<\/strong>\u00a0<br>MetaShare ser till att avtalen \u00e4r noggrant taggade med korrekta metadata f\u00f6r kontroll. Ni kan sj\u00e4lva best\u00e4mma regler f\u00f6r obligatoriska f\u00e4lt, exempelvis \u00e4gare, efterlevnadskrav och bevakningsdatum.\u00a0<\/li>\n\n\n\n<li><strong>Fullst\u00e4ndig kontroll<\/strong>\u00a0<br>I MetaShare f\u00e5r du fullst\u00e4ndig kontroll \u00f6ver dina avtal, de som beh\u00f6ver avslutas, omf\u00f6rhandlas, f\u00f6rl\u00e4ngas eller kontroll f\u00f6r avtals efterlevnad. Du kan st\u00e4lla in en eller flera bevakningsdatum baserat p\u00e5 dina specifika behov.\u00a0<\/li>\n<\/ul>\n\n\n\n<p><strong><a href=\"https:\/\/metashare.com\/sv\/kontakta-oss\/\" data-type=\"page\" data-id=\"6018\">Kontakta oss<\/a><\/strong> f\u00f6r genomg\u00e5ng och demo.<\/p>\n\n\n\n<h2 class=\"wp-block-heading\">N\u00e5gra av v\u00e5ra kunder som anv\u00e4nder avtalshantering<\/h2>\n\n\n\n<p><a href=\"https:\/\/ways.se\/sv\/nyheter\/united-spaces-borjar-med-avtalshantering-i-metashare\/\" target=\"_blank\" rel=\"noreferrer noopener\">United Spaces b\u00f6rjar med avtalshantering i MetaShare<\/a><\/p>\n\n\n\n<p><a href=\"https:\/\/ways.se\/sv\/nyheter\/elu-valjer-avtalshantering-i-metashare\/\" target=\"_blank\" rel=\"noreferrer noopener\">ELU v\u00e4ljer avtalshantering i MetaShare<\/a><\/p>\n","protected":false},"excerpt":{"rendered":"<p>F\u00f6renkla din avtalsf\u00f6rvaltning med MetaShare. F\u00e5 b\u00e4ttre kontroll, \u00f6kad sp\u00e5rbarhet och effektiv hantering \u2013 l\u00e4s mer och kom ig\u00e5ng idag! <\/p>\n","protected":false},"author":5,"featured_media":0,"parent":12173,"menu_order":0,"comment_status":"closed","ping_status":"closed","template":"","meta":{"_acf_changed":false,"footnotes":""},"element-controls":[81],"class_list":{"0":"post-97924","1":"page","2":"type-page","3":"status-publish","5":"element-controls-single-column","6":"no-featured-image-padding"},"acf":[],"_links":{"self":[{"href":"https:\/\/metashare.com\/sv\/wp-json\/wp\/v2\/pages\/97924","targetHints":{"allow":["GET"]}}],"collection":[{"href":"https:\/\/metashare.com\/sv\/wp-json\/wp\/v2\/pages"}],"about":[{"href":"https:\/\/metashare.com\/sv\/wp-json\/wp\/v2\/types\/page"}],"author":[{"embeddable":true,"href":"https:\/\/metashare.com\/sv\/wp-json\/wp\/v2\/users\/5"}],"replies":[{"embeddable":true,"href":"https:\/\/metashare.com\/sv\/wp-json\/wp\/v2\/comments?post=97924"}],"version-history":[{"count":5,"href":"https:\/\/metashare.com\/sv\/wp-json\/wp\/v2\/pages\/97924\/revisions"}],"predecessor-version":[{"id":99255,"href":"https:\/\/metashare.com\/sv\/wp-json\/wp\/v2\/pages\/97924\/revisions\/99255"}],"up":[{"embeddable":true,"href":"https:\/\/metashare.com\/sv\/wp-json\/wp\/v2\/pages\/12173"}],"wp:attachment":[{"href":"https:\/\/metashare.com\/sv\/wp-json\/wp\/v2\/media?parent=97924"}],"wp:term":[{"taxonomy":"element-controls","embeddable":true,"href":"https:\/\/metashare.com\/sv\/wp-json\/wp\/v2\/element-controls?post=97924"}],"curies":[{"name":"wp","href":"https:\/\/api.w.org\/{rel}","templated":true}]}}