{"id":8507,"date":"2021-04-28T21:10:26","date_gmt":"2021-04-28T19:10:26","guid":{"rendered":"https:\/\/metashare.com\/prissattning\/"},"modified":"2025-11-13T12:39:04","modified_gmt":"2025-11-13T11:39:04","slug":"priser","status":"publish","type":"page","link":"https:\/\/metashare.com\/sv\/priser\/","title":{"rendered":"Priser"},"content":{"rendered":"<div class=\"gb-container gb-container-bc81a301 gb-container-preamble\"><div class=\"gb-inside-container\">\n\n<h2 class=\"wp-block-heading\">V\u00e4lj r\u00e4tt f\u00f6r ditt f\u00f6retag<\/h2>\n\n\n\n<p>MetaShare \u00e4r l\u00e4mpligt f\u00f6r f\u00f6retag i alla storlekar. Priset baseras p\u00e5 antalet anv\u00e4ndare. Beg\u00e4r offert f\u00f6r att f\u00e5 reda p\u00e5 vad priset blir f\u00f6r din organisation.<\/p>\n\n<\/div><\/div>\n\n<div class=\"gb-container gb-container-906e15eb gb-container-contained\">\n<div class=\"gb-container gb-container-ec08df39 gb-container-contained-inner\">\n<div class=\"gb-grid-wrapper gb-grid-wrapper-e42d0f65 gb-grid-wrapper-small\">\n<div class=\"gb-grid-column gb-grid-column-4fc65264 gb-grid-column-grid-item-small\"><div class=\"gb-container gb-container-4fc65264 gb-container-grid-item-small\"><div class=\"gb-inside-container\">\n\n<h2 class=\"gb-headline gb-headline-41091341\"><span class=\"gb-icon\"><svg xmlns=\"http:\/\/www.w3.org\/2000\/svg\" viewBox=\"0 0 60 64\"><path class=\"cls-1\" d=\"M38,64H36V56h2V40a4,4,0,0,1,4-4h8.44L58,23.72V16h2v8.28L51.56,38H42a2,2,0,0,0-2,2V58H38Z\"><\/path><path class=\"cls-1\" d=\"M24,64H22V58H20V40a2,2,0,0,0-2-2H8.44L0,24.28V16H2v7.72L9.56,36H18a4,4,0,0,1,4,4V56h2Z\"><\/path><path class=\"cls-1\" d=\"M30,15a3,3,0,1,1,3-3A3,3,0,0,1,30,15Zm0-4a1,1,0,1,0,1,1A1,1,0,0,0,30,11Z\"><\/path><path class=\"cls-1\" d=\"M36,24H34c0-2,1.35-3.54,2.66-4.91C38.3,17.37,40,15.59,40,12a10,10,0,0,0-20,0c0,3.59,1.7,5.37,3.34,7.09C24.65,20.46,26,22,26,24H24c0-1-.93-2.29-2.1-3.53C20.16,18.65,18,16.39,18,12a12,12,0,0,1,24,0c0,4.39-2.16,6.65-3.9,8.47C36.93,21.71,36,23,36,24Z\"><\/path><path class=\"cls-1\" d=\"M4,20a4,4,0,1,1,4-4A4,4,0,0,1,4,20Zm0-6a2,2,0,1,0,2,2A2,2,0,0,0,4,14Z\"><\/path><path class=\"cls-1\" d=\"M56,20a4,4,0,1,1,4-4A4,4,0,0,1,56,20Zm0-6a2,2,0,1,0,2,2A2,2,0,0,0,56,14Z\"><\/path><\/svg><\/span><span class=\"gb-headline-text\">MetaShare<\/span><\/h2>\n\n\n\n<p><em>Intelligent dokumenthantering<\/em><\/p>\n\n\n\n<p>4 \u2013 98 kr\/anv\u00e4ndare\/m\u00e5nad<\/p>\n\n<\/div><\/div><\/div>\n\n<div class=\"gb-grid-column gb-grid-column-d823f326 gb-grid-column-grid-item-small\"><div class=\"gb-container gb-container-d823f326 gb-container-grid-item-small\"><div class=\"gb-inside-container\">\n\n<h2 class=\"gb-headline gb-headline-3114209f\"><span class=\"gb-icon\"><svg xmlns=\"http:\/\/www.w3.org\/2000\/svg\" viewBox=\"0 0 22.622 22.622\"><path d=\"M18.697 20.461h-4.586v-3.175c0-.049.01-1.213.809-2.013l3.631-3.631h.499c.778 0 1.411.633 1.411 1.41v.5l-2.573 2.572-.499-.498 2.367-2.366v-.207a.706.706 0 0 0-.706-.706h-.207l-3.424 3.425c-.595.595-.602 1.505-.602 1.514v2.47h3.175v-.353c0-.035.009-.861.809-1.66l2.469-2.47c.582-.582.602-1.142.602-1.166v-5.64a.706.706 0 0 0-1.41 0v2.822h-.706V8.467c0-.778.632-1.411 1.41-1.411.779 0 1.412.633 1.412 1.41v5.645c0 .035-.01.861-.81 1.661l-2.469 2.47c-.582.582-.601 1.141-.602 1.165v1.054\"><\/path><path d=\"M19.403 22.578h-.706V20.46h-4.586v2.117h-.705V20.46c0-.389.316-.705.705-.705h4.586c.39 0 .706.316.706.705v2.117M8.467 20.461H3.88v-1.058c0-.02-.02-.58-.603-1.162l-2.47-2.469C.01 14.972 0 14.146 0 14.112V8.466c0-.778.633-1.411 1.411-1.411s1.411.633 1.411 1.41v2.823h-.705V8.467a.706.706 0 0 0-1.411 0v5.644c0 .02.02.58.602 1.162l2.47 2.47c.799.799.808 1.625.808 1.66v.353h3.175v-2.47c0-.008-.013-.925-.602-1.514l-3.424-3.425h-.207a.706.706 0 0 0-.706.706v.207l2.366 2.366-.499.498-2.572-2.572v-.5c0-.777.633-1.41 1.41-1.41h.5l3.63 3.63c.8.8.81 1.965.81 2.014v3.175\"><\/path><path d=\"M9.172 22.578h-.705V20.46H3.88v2.117h-.706V20.46c0-.389.316-.705.706-.705h4.586c.389 0 .705.316.705.705v2.117M7.408 10.028l3.88 2.264 3.881-2.264V5.863l-3.88-1.94-3.88 1.94Zm3.88 3.08-4.585-2.675V5.426l4.586-2.293 4.586 2.293v5.007l-4.586 2.676\"><\/path><path d=\"M11.289 8.522 6.878 5.95l.355-.609 4.056 2.366 4.055-2.366.356.61-4.411 2.572\"><\/path><path d=\"M11.642 12.7h-.706V8.114h.706V12.7M19.05 7.761h-.706c0-3.88-3.165-7.055-7.055-7.055-3.89 0-7.056 3.175-7.056 7.055h-.705C3.528 3.528 7.009 0 11.288 0c4.28 0 7.762 3.528 7.762 7.761M4.233 9.172h-.705v-.705h.705v.705M4.233 10.583h-.705v-.705h.705v.705M19.05 9.172h-.706v-.705h.706v.705M19.05 10.583h-.706v-.705h.706v.705\"><\/path><\/svg><\/span><span class=\"gb-headline-text\">MetaShare Orbit<\/span><\/h2>\n\n\n\n<p><em>Automatisk gallring och arkivering<\/em><\/p>\n\n\n\n<p>Fr\u00e5n 3 000 kr\/organisation\/m\u00e5nad<\/p>\n\n<\/div><\/div><\/div>\n<\/div>\n<\/div>\n<\/div>\n\n<div class=\"gb-container gb-container-4be8690e gb-container-contained\">\n<div class=\"gb-container gb-container-fdbafcdf gb-container-contained-inner\">\n<div class=\"gb-grid-wrapper gb-grid-wrapper-13a7cd6c gb-grid-wrapper-small\">\n<div class=\"gb-grid-column gb-grid-column-4b242d70 gb-grid-column-grid-item-small\"><div class=\"gb-container gb-container-4b242d70 container-with-cta gb-container-grid-item-small\"><div class=\"gb-inside-container\">\n\n<h2 class=\"gb-headline gb-headline-96c30d59 gb-headline-text gb-headline-icon-above\" id=\"prova-gratis\">Prova gratis<\/h2>\n\n\n\n<p class=\"gb-headline gb-headline-d95b3517 gb-headline-text gb-headline-tighter\">Upph\u00f6r automatiskt efter 30 dagar<\/p>\n\n\n\n<p><\/p>\n\n\n\n<div class=\"wp-block-buttons is-horizontal is-content-justification-center is-layout-flex wp-container-core-buttons-is-layout-499968f5 wp-block-buttons-is-layout-flex\">\n<div class=\"wp-block-button\"><a class=\"wp-block-button__link wp-element-button\" href=\"https:\/\/metashare.com\/sv\/prova-pa\/\">Prova p\u00e5<\/a><\/div>\n<\/div>\n\n<\/div><\/div><\/div>\n\n<div class=\"gb-grid-column gb-grid-column-424d90b3 gb-grid-column-grid-item-small\"><div class=\"gb-container gb-container-424d90b3 container-with-cta gb-container-grid-item-small\"><div class=\"gb-inside-container\">\n\n<h2 class=\"gb-headline gb-headline-fd090ec4 gb-headline-text gb-headline-icon-above\">Offert<\/h2>\n\n\n\n<p class=\"gb-headline gb-headline-8f8e7b4d gb-headline-text gb-headline-tighter\">Beg\u00e4r offert f\u00f6r att f\u00e5 reda p\u00e5 vad priset blir f\u00f6r din organisation<\/p>\n\n\n\n<p><\/p>\n\n\n\n<div class=\"wp-block-buttons is-horizontal is-content-justification-center is-layout-flex wp-container-core-buttons-is-layout-499968f5 wp-block-buttons-is-layout-flex\">\n<div class=\"wp-block-button\"><a class=\"wp-block-button__link wp-element-button\" href=\"https:\/\/metashare.com\/sv\/begar-offert\/\">Beg\u00e4r offert<\/a><\/div>\n<\/div>\n\n<\/div><\/div><\/div>\n\n<div class=\"gb-grid-column gb-grid-column-bda4a32f gb-grid-column-contained-small\"><div class=\"gb-container gb-container-bda4a32f gb-container-contained-small\">\n<div class=\"gb-container gb-container-a8c90f8d gb-container-contained-small-inner\">\n\n<p>Du kan avsluta MetaShare n\u00e4r som helst med 30 dagars varsel.<\/p>\n\n\n\n<p>Dina dokument finns kvar om du avslutar MetaShare.<\/p>\n\n<\/div>\n<\/div><\/div>\n<\/div>\n<\/div>\n<\/div>","protected":false},"excerpt":{"rendered":"<p>MetaShare erbjuder konkurrenskraftiga priser f\u00f6r dokumenthantering. L\u00e4s mer och hitta r\u00e4tt plan f\u00f6r din verksamhet nu!<\/p>\n","protected":false},"author":5,"featured_media":13714,"parent":0,"menu_order":0,"comment_status":"closed","ping_status":"closed","template":"","meta":{"_acf_changed":false,"footnotes":""},"element-controls":[82],"class_list":{"0":"post-8507","1":"page","2":"type-page","3":"status-publish","4":"has-post-thumbnail","6":"element-controls-hero-priser","7":"no-featured-image-padding"},"acf":[],"_links":{"self":[{"href":"https:\/\/metashare.com\/sv\/wp-json\/wp\/v2\/pages\/8507","targetHints":{"allow":["GET"]}}],"collection":[{"href":"https:\/\/metashare.com\/sv\/wp-json\/wp\/v2\/pages"}],"about":[{"href":"https:\/\/metashare.com\/sv\/wp-json\/wp\/v2\/types\/page"}],"author":[{"embeddable":true,"href":"https:\/\/metashare.com\/sv\/wp-json\/wp\/v2\/users\/5"}],"replies":[{"embeddable":true,"href":"https:\/\/metashare.com\/sv\/wp-json\/wp\/v2\/comments?post=8507"}],"version-history":[{"count":98,"href":"https:\/\/metashare.com\/sv\/wp-json\/wp\/v2\/pages\/8507\/revisions"}],"predecessor-version":[{"id":99778,"href":"https:\/\/metashare.com\/sv\/wp-json\/wp\/v2\/pages\/8507\/revisions\/99778"}],"wp:featuredmedia":[{"embeddable":true,"href":"https:\/\/metashare.com\/sv\/wp-json\/wp\/v2\/media\/13714"}],"wp:attachment":[{"href":"https:\/\/metashare.com\/sv\/wp-json\/wp\/v2\/media?parent=8507"}],"wp:term":[{"taxonomy":"element-controls","embeddable":true,"href":"https:\/\/metashare.com\/sv\/wp-json\/wp\/v2\/element-controls?post=8507"}],"curies":[{"name":"wp","href":"https:\/\/api.w.org\/{rel}","templated":true}]}}