{"id":6018,"date":"2021-01-18T17:35:28","date_gmt":"2021-01-18T16:35:28","guid":{"rendered":"https:\/\/metashare.com\/kontakta-oss\/"},"modified":"2025-06-02T11:10:43","modified_gmt":"2025-06-02T09:10:43","slug":"kontakta-oss","status":"publish","type":"page","link":"https:\/\/metashare.com\/sv\/kontakta-oss\/","title":{"rendered":"Kontakta oss"},"content":{"rendered":"\n<p>Har du fr\u00e5gor? Beh\u00f6ver du r\u00e5d om hur vi kan hj\u00e4lpa ditt f\u00f6retag p\u00e5 b\u00e4sta s\u00e4tt? Skicka e\u2011post till <a href=\"mailto:sales@ways.se\">sales@ways.se<\/a>.<\/p>\n\n\n\n<p>Om du vill skicka e-post till en av v\u00e5ra kollegor; skriv i formatet f\u00f6rnamn.efternamn@ways.se<\/p>\n\n\n\n<hr class=\"wp-block-separator has-text-color has-primary-color has-css-opacity has-primary-background-color has-background is-style-wide\" \/>\n\n\n\n<h2 class=\"wp-block-heading\" id=\"kundsupport\">Kundsupport<\/h2>\n\n\n\n<p>Beh\u00f6ver du hj\u00e4lp med MetaShare? Skicka e-post till <a href=\"mailto:support@ways.se?body=F\u00f6rekommer felet f\u00f6r andra anv\u00e4ndare och\/eller enheter?%0D%0A%0D%0A%0D%0AAdress till aktuell sida:%0D%0A%0D%0A%0D%0ASteg f\u00f6r att \u00e5terskapa felet (bifoga g\u00e4rna bilder):%0D%0A%0D%0A%0D%0A\">support@ways.se<\/a>.<\/p>\n\n\n\n<hr class=\"wp-block-separator has-text-color has-primary-color has-css-opacity has-primary-background-color has-background is-style-wide\" \/>\n\n\n\n<h2 class=\"wp-block-heading\">Bes\u00f6ks- och leveransadress<\/h2>\n\n\n\n<p>Ways Sweden AB<br>United Spaces<br>Waterfront Building<br>Klarabergsviadukten 63<br>111 64 Stockholm<br>Sverige<\/p>\n\n\n\n<p>Telefon: +46 8525 085 60<\/p>\n\n\n\n<h2 class=\"wp-block-heading\">Postadress<\/h2>\n\n\n\n<p>Ways Sweden AB<br>Box 190<br>101 23 Stockholm<br>Sverige<\/p>\n\n\n\n<h2 class=\"wp-block-heading\">Fakturaadress<\/h2>\n\n\n\n<p>Ways Sweden AB<br>FackId 4814<br>Box 3039<br>SE-831 03 \u00d6stersund<br>Sverige<\/p>\n\n\n\n<p>Maila PDF-fakturor till <a href=\"mailto:4814@faktura.scancloud.se?subject=FackId%204814\">4814@faktura.scancloud.se<\/a> (en faktura per PDF)<\/p>\n\n\n\n<p>Skicka e-fakturor via Scancloud, GLN: 7365566985462, Org.nr: 556698-5460. Om du \u00e4r ansluten till Peppol, anv\u00e4nd GLN-prefixet &#8221;0088:&#8221; eller Org.No-prefixet &#8221;0007:&#8221;<\/p>\n\n\n\n<h2 class=\"wp-block-heading\">Betalnings\u00ad\u00adinformation<\/h2>\n\n\n\n<p>Organisationsnummer: 556698-5460<br>DUNS nummer: 774494046<br>Plusgiro: 444577-1<br>Bankgiro: 5811-0107<br>Moms\/VAT: SE556698546001<br>IBAN: SE1195000099603404445771<br>BIC\/SWIFT: NDEASESS<\/p>\n","protected":false},"excerpt":{"rendered":"<p>Vi hj\u00e4lper dig g\u00e4rna med fr\u00e5gor om MetaShare och v\u00e5ra l\u00f6sningar. Kontakta oss f\u00f6r mer information och personlig support idag.<\/p>\n","protected":false},"author":5,"featured_media":0,"parent":0,"menu_order":0,"comment_status":"closed","ping_status":"closed","template":"","meta":{"_acf_changed":false,"footnotes":""},"element-controls":[81],"class_list":{"0":"post-6018","1":"page","2":"type-page","3":"status-publish","5":"element-controls-single-column","6":"no-featured-image-padding"},"acf":[],"_links":{"self":[{"href":"https:\/\/metashare.com\/sv\/wp-json\/wp\/v2\/pages\/6018","targetHints":{"allow":["GET"]}}],"collection":[{"href":"https:\/\/metashare.com\/sv\/wp-json\/wp\/v2\/pages"}],"about":[{"href":"https:\/\/metashare.com\/sv\/wp-json\/wp\/v2\/types\/page"}],"author":[{"embeddable":true,"href":"https:\/\/metashare.com\/sv\/wp-json\/wp\/v2\/users\/5"}],"replies":[{"embeddable":true,"href":"https:\/\/metashare.com\/sv\/wp-json\/wp\/v2\/comments?post=6018"}],"version-history":[{"count":47,"href":"https:\/\/metashare.com\/sv\/wp-json\/wp\/v2\/pages\/6018\/revisions"}],"predecessor-version":[{"id":99270,"href":"https:\/\/metashare.com\/sv\/wp-json\/wp\/v2\/pages\/6018\/revisions\/99270"}],"wp:attachment":[{"href":"https:\/\/metashare.com\/sv\/wp-json\/wp\/v2\/media?parent=6018"}],"wp:term":[{"taxonomy":"element-controls","embeddable":true,"href":"https:\/\/metashare.com\/sv\/wp-json\/wp\/v2\/element-controls?post=6018"}],"curies":[{"name":"wp","href":"https:\/\/api.w.org\/{rel}","templated":true}]}}