{"id":6013,"date":"2021-01-18T17:35:17","date_gmt":"2021-01-18T16:35:17","guid":{"rendered":"https:\/\/metashare.com\/hur-fungerar-det\/"},"modified":"2025-06-02T10:34:50","modified_gmt":"2025-06-02T08:34:50","slug":"sa-funkar-det","status":"publish","type":"page","link":"https:\/\/metashare.com\/sv\/sa-funkar-det\/","title":{"rendered":"S\u00e5 funkar det"},"content":{"rendered":"<div class=\"gb-container gb-container-ba606770 gb-container-preamble\"><div class=\"gb-inside-container\">\n\n<p>Metadata finns i v\u00e5r vardag utan att vi t\u00e4nker p\u00e5 det. Exempelvis anv\u00e4nder de flesta e-handelssajter metadata f\u00f6r att underl\u00e4tta f\u00f6r anv\u00e4ndare. N\u00e4r du handlar online hittar metadata det du vill k\u00f6pa genom att filtrera och s\u00f6ka efter varan. MetaShare fungerar p\u00e5 samma s\u00e4tt.<\/p>\n\n<\/div><\/div>\n\n<div class=\"gb-container gb-container-8d824ccd gb-container-contained-small\">\n<div class=\"gb-container gb-container-4c40bdf5 gb-container-contained-small-inner\">\n\n<ul class=\"wp-block-list\">\n<li><strong>Dokument taggas med olika metadata<\/strong> n\u00e4r du skapar eller laddar upp ett dokument, exempelvis <em>avtal<\/em> och <em>kund<\/em> eller andra metadata som \u00e4r viktiga f\u00f6r din verksamhet.<\/li>\n\n\n\n<li>MetaShare <strong>hj\u00e4lper anv\u00e4ndaren hitta genom att s\u00f6ka och filtrera<\/strong>. Genom att (till exempel) filtrera p\u00e5 <em>avtal <\/em>och <em>kund <\/em>hittar anv\u00e4ndaren snabbt de avtal som g\u00e4ller f\u00f6r en specifik kund.<\/li>\n\n\n\n<li>Du v\u00e4ljer vilka metadata du vill anv\u00e4nda och hur du vill <strong>bygga din struktur<\/strong> i MetaShare.<\/li>\n<\/ul>\n\n\n\n<p>MetaShare \u00e4r helt integrerat i Office 365 och installeras som ett skal ovanp\u00e5 Office 365 och SharePoint. Med andra ord hittar MetaShare dina dokument oavsett var de sparas i Office 365.<\/p>\n\n\n\n<p>MetaShare har dessutom andra efterfr\u00e5gade dokumenthanteringsfunktioner som inte finns i SharePoint s\u00e5som automatiska p\u00e5minnelser n\u00e4r det \u00e4r dags att agera och automatisk gallring och arkivering.<\/p>\n\n<\/div>\n<\/div>\n\n<div class=\"gb-container gb-container-cd841de5 gb-container-contained-small\">\n<div class=\"gb-container gb-container-a4420f09 gb-container-contained-small-inner\">\n\n<h3 class=\"wp-block-heading\">L\u00e4s mer<\/h3>\n\n\n\n<p><a href=\"https:\/\/metashare.com\/sv\/fordelar\/\" data-type=\"page\" data-id=\"5600\">F\u00f6rdelar<\/a><\/p>\n\n\n\n<p><a href=\"https:\/\/metashare.com\/sv\/losningar\/\" data-type=\"page\" data-id=\"12173\">L\u00f6sningar<\/a><\/p>\n\n\n\n<p><a href=\"https:\/\/metashare.com\/sv\/metashare-vs-sharepoint\/\" data-type=\"page\" data-id=\"6017\">Boostar Microsoft&nbsp;365<\/a><\/p>\n\n\n\n<p><a href=\"https:\/\/metashare.com\/sv\/hosting-alternativ\/\" data-type=\"page\" data-id=\"11954\">Hosting-alternativ<\/a><\/p>\n\n\n\n<p><a href=\"https:\/\/metashare.com\/sv\/kom-igang\/\" data-type=\"page\" data-id=\"5887\">Kom ig\u00e5ng<\/a><\/p>\n\n\n\n<p><a href=\"https:\/\/metashare.com\/sv\/faq\/\" data-type=\"page\" data-id=\"98517\">Vanliga fr\u00e5gor<\/a><\/p>\n\n<\/div>\n<\/div>","protected":false},"excerpt":{"rendered":"<p>Se hur MetaShare f\u00f6renklar dokumenthantering i Microsoft 365. Uppt\u00e4ck hur du strukturerar, s\u00f6ker och skyddar dina filer effektivt \u2013 l\u00e4s mer h\u00e4r<\/p>\n","protected":false},"author":7,"featured_media":11948,"parent":0,"menu_order":0,"comment_status":"closed","ping_status":"closed","template":"","meta":{"_acf_changed":false,"footnotes":""},"element-controls":[79],"class_list":{"0":"post-6013","1":"page","2":"type-page","3":"status-publish","4":"has-post-thumbnail","6":"element-controls-hero","7":"no-featured-image-padding"},"acf":[],"_links":{"self":[{"href":"https:\/\/metashare.com\/sv\/wp-json\/wp\/v2\/pages\/6013","targetHints":{"allow":["GET"]}}],"collection":[{"href":"https:\/\/metashare.com\/sv\/wp-json\/wp\/v2\/pages"}],"about":[{"href":"https:\/\/metashare.com\/sv\/wp-json\/wp\/v2\/types\/page"}],"author":[{"embeddable":true,"href":"https:\/\/metashare.com\/sv\/wp-json\/wp\/v2\/users\/7"}],"replies":[{"embeddable":true,"href":"https:\/\/metashare.com\/sv\/wp-json\/wp\/v2\/comments?post=6013"}],"version-history":[{"count":47,"href":"https:\/\/metashare.com\/sv\/wp-json\/wp\/v2\/pages\/6013\/revisions"}],"predecessor-version":[{"id":99249,"href":"https:\/\/metashare.com\/sv\/wp-json\/wp\/v2\/pages\/6013\/revisions\/99249"}],"wp:featuredmedia":[{"embeddable":true,"href":"https:\/\/metashare.com\/sv\/wp-json\/wp\/v2\/media\/11948"}],"wp:attachment":[{"href":"https:\/\/metashare.com\/sv\/wp-json\/wp\/v2\/media?parent=6013"}],"wp:term":[{"taxonomy":"element-controls","embeddable":true,"href":"https:\/\/metashare.com\/sv\/wp-json\/wp\/v2\/element-controls?post=6013"}],"curies":[{"name":"wp","href":"https:\/\/api.w.org\/{rel}","templated":true}]}}