{"id":6007,"date":"2021-01-18T17:35:09","date_gmt":"2021-01-18T16:35:09","guid":{"rendered":"https:\/\/metashare.com\/din-gratis-licens-vantar\/"},"modified":"2025-12-03T10:04:24","modified_gmt":"2025-12-03T09:04:24","slug":"prova-pa","status":"publish","type":"page","link":"https:\/\/metashare.com\/sv\/prova-pa\/","title":{"rendered":"Prova MetaShare gratis"},"content":{"rendered":"\n<div class=\"wp-block-columns is-layout-flex wp-container-core-columns-is-layout-9d6595d7 wp-block-columns-is-layout-flex\">\n<div class=\"wp-block-column is-layout-flow wp-block-column-is-layout-flow\">\n<div class=\"wp-block-group has-text-bright-color has-accent-1-background-color has-text-color has-background has-link-color wp-elements-7ceea040cee3883ec44bce4ee0a48f9e\"><div class=\"wp-block-group__inner-container is-layout-constrained wp-block-group-is-layout-constrained\"><div data-form-id=\"7a4a55e1-f8c5-f011-bbd3-7ced8d754280\" data-form-api-url=\"https:\/\/public-eur.mkt.dynamics.com\/api\/v1.0\/orgs\/e329936f-3615-4d8f-abaf-dc8ed68a605c\/landingpageforms\" data-cached-form-url=\"https:\/\/assets-eur.mkt.dynamics.com\/e329936f-3615-4d8f-abaf-dc8ed68a605c\/digitalassets\/forms\/7a4a55e1-f8c5-f011-bbd3-7ced8d754280\"><\/div>\n\n\n\n<p><\/p>\n<\/div><\/div>\n<\/div>\n\n\n\n<div class=\"wp-block-column is-layout-flow wp-block-column-is-layout-flow\">\n<div class=\"wp-block-group has-accent-2-background-color has-background\"><div class=\"wp-block-group__inner-container is-layout-constrained wp-block-group-is-layout-constrained\">\n<p class=\"has-text-align-center\"><strong>Upplev smartare dokumentsamarbete med MetaShare <\/strong><strong>\u2013 <\/strong><strong>gratis i 30 dagar<\/strong><\/p>\n\n\n\n<p>Aktivera MetaShare i er Microsoft 365-milj\u00f6 p\u00e5 n\u00e5gra minuter. <\/p>\n\n\n\n<p>Inget kreditkort kr\u00e4vs.<\/p>\n\n\n\n<p>Efter du skickat formul\u00e4ret, kommer en av v\u00e5ra medarbetare att kontakta dig f\u00f6r att:<\/p>\n\n\n\n<p class=\"gb-headline gb-headline-43893204\"><span class=\"gb-icon\"><svg xmlns=\"http:\/\/www.w3.org\/2000\/svg\" viewBox=\"0 0 24 24\"><path d=\"M0 0h24v24H0V0z\" fill=\"none\"><\/path><path d=\"M9 16.17L4.83 12l-1.42 1.41L9 19 21 7l-1.41-1.41L9 16.17z\"><\/path><\/svg><\/span><span class=\"gb-headline-text\">Guida dig genom aktiveringen<\/span><\/p>\n\n\n\n<p class=\"gb-headline gb-headline-dcf7b07b\"><span class=\"gb-icon\"><svg xmlns=\"http:\/\/www.w3.org\/2000\/svg\" viewBox=\"0 0 24 24\"><path d=\"M0 0h24v24H0V0z\" fill=\"none\"><\/path><path d=\"M9 16.17L4.83 12l-1.42 1.41L9 19 21 7l-1.41-1.41L9 16.17z\"><\/path><\/svg><\/span><span class=\"gb-headline-text\">Ge tips och trix f\u00f6r testning<\/span><\/p>\n\n\n\n<p class=\"gb-headline gb-headline-27bfd204\"><span class=\"gb-icon\"><svg xmlns=\"http:\/\/www.w3.org\/2000\/svg\" viewBox=\"0 0 24 24\"><path d=\"M0 0h24v24H0V0z\" fill=\"none\"><\/path><path d=\"M9 16.17L4.83 12l-1.42 1.41L9 19 21 7l-1.41-1.41L9 16.17z\"><\/path><\/svg><\/span><span class=\"gb-headline-text\">Svara p\u00e5 dina fr\u00e5gor<\/span><\/p>\n<\/div><\/div>\n<\/div>\n<\/div>\n","protected":false},"excerpt":{"rendered":"<p>Upplev smartare dokumentsamarbete med MetaShare \u2013 gratis i 30 dagar Aktivera MetaShare i er Microsoft 365-milj\u00f6 p\u00e5 n\u00e5gra minuter. Inget kreditkort kr\u00e4vs. Efter du skickat formul\u00e4ret, kommer en av v\u00e5ra medarbetare att kontakta dig f\u00f6r &#8230; <a title=\"Prova MetaShare gratis\" class=\"read-more\" href=\"https:\/\/metashare.com\/sv\/prova-pa\/\" aria-label=\"L\u00e4s mer om Prova MetaShare gratis\">L\u00e4s mer<\/a><\/p>\n","protected":false},"author":7,"featured_media":0,"parent":0,"menu_order":0,"comment_status":"closed","ping_status":"closed","template":"","meta":{"_acf_changed":false,"footnotes":""},"element-controls":[99],"class_list":{"0":"post-6007","1":"page","2":"type-page","3":"status-publish","5":"element-controls-center-title","6":"no-featured-image-padding"},"acf":[],"_links":{"self":[{"href":"https:\/\/metashare.com\/sv\/wp-json\/wp\/v2\/pages\/6007","targetHints":{"allow":["GET"]}}],"collection":[{"href":"https:\/\/metashare.com\/sv\/wp-json\/wp\/v2\/pages"}],"about":[{"href":"https:\/\/metashare.com\/sv\/wp-json\/wp\/v2\/types\/page"}],"author":[{"embeddable":true,"href":"https:\/\/metashare.com\/sv\/wp-json\/wp\/v2\/users\/7"}],"replies":[{"embeddable":true,"href":"https:\/\/metashare.com\/sv\/wp-json\/wp\/v2\/comments?post=6007"}],"version-history":[{"count":51,"href":"https:\/\/metashare.com\/sv\/wp-json\/wp\/v2\/pages\/6007\/revisions"}],"predecessor-version":[{"id":99825,"href":"https:\/\/metashare.com\/sv\/wp-json\/wp\/v2\/pages\/6007\/revisions\/99825"}],"wp:attachment":[{"href":"https:\/\/metashare.com\/sv\/wp-json\/wp\/v2\/media?parent=6007"}],"wp:term":[{"taxonomy":"element-controls","embeddable":true,"href":"https:\/\/metashare.com\/sv\/wp-json\/wp\/v2\/element-controls?post=6007"}],"curies":[{"name":"wp","href":"https:\/\/api.w.org\/{rel}","templated":true}]}}