{"id":5970,"date":"2020-02-17T16:33:53","date_gmt":"2020-02-17T15:33:53","guid":{"rendered":"https:\/\/metashare.com\/metashares-arkitektur\/"},"modified":"2026-02-10T09:47:53","modified_gmt":"2026-02-10T08:47:53","slug":"metashares-arkitektur","status":"publish","type":"page","link":"https:\/\/metashare.com\/sv\/metashares-arkitektur\/","title":{"rendered":"MetaShares arkitektur"},"content":{"rendered":"\n<h2 class=\"wp-block-heading has-text-align-center\">MetaShare Online och self-hosted<\/h2>\n\n<div style=\"height:32px\" aria-hidden=\"true\" class=\"wp-block-spacer\"><\/div>\n<div class=\"wp-block-image\">\n<figure class=\"aligncenter size-full\"><a href=\"https:\/\/metashare.com\/wp-content\/uploads\/metashare_data_flow_online.png\" target=\"_blank\" rel=\"noopener\"><img loading=\"lazy\" decoding=\"async\" width=\"1459\" height=\"1011\" src=\"https:\/\/metashare.com\/wp-content\/uploads\/metashare_data_flow_online.png\" alt=\"\" class=\"wp-image-99219\" srcset=\"https:\/\/metashare.com\/wp-content\/uploads\/metashare_data_flow_online.png 1459w, https:\/\/metashare.com\/wp-content\/uploads\/metashare_data_flow_online-300x208.png 300w, https:\/\/metashare.com\/wp-content\/uploads\/metashare_data_flow_online-1024x710.png 1024w, https:\/\/metashare.com\/wp-content\/uploads\/metashare_data_flow_online-768x532.png 768w\" sizes=\"auto, (max-width: 1459px) 100vw, 1459px\" \/><\/a><\/figure>\n<\/div>\n<ol class=\"wp-block-list centered-list\">\n<li>Slutanv\u00e4ndarna interagerar med MetaShares webbapplikation, som \u00e4r geografiskt placerad i Nederl\u00e4nderna.<\/li>\n\n\n\n<li>MetaShares webbapplikation lagrar endast varje kunds unika MetaShare-konfigurationer (t.ex. vilka filter och kolumner som ska visas i anv\u00e4ndargr\u00e4nssnittet). Om du har en sj\u00e4lvhostad MetaShare Online lagras endast dina egna MetaShare-konfigurationer i webbapplikationen och du kan v\u00e4lja vilken geografisk plats du vill ha din Azure-infrastruktur.<\/li>\n\n\n\n<li>Dokument och deras metadata lagras endast i kundens egen Microsoft 365 milj\u00f6.<\/li>\n\n\n\n<li>Dokument \u00f6ppnas direkt fr\u00e5n SharePoint och passerar aldrig genom MetaShare-applikationen.<\/li>\n<\/ol>\n\n<hr class=\"wp-block-separator has-text-color has-primary-color has-css-opacity has-primary-background-color has-background aligncenter is-style-default\"\/>\n\n<h2 class=\"wp-block-heading has-text-align-center\">MetaShare Server<\/h2>\n\n<div style=\"height:32px\" aria-hidden=\"true\" class=\"wp-block-spacer\"><\/div>\n<div class=\"wp-block-image\">\n<figure class=\"aligncenter size-full\"><a href=\"https:\/\/metashare.com\/wp-content\/uploads\/metashare_data_flow_server.png\" target=\"_blank\" rel=\"noopener\"><img loading=\"lazy\" decoding=\"async\" width=\"1340\" height=\"1000\" src=\"https:\/\/metashare.com\/wp-content\/uploads\/metashare_data_flow_server.png\" alt=\"\" class=\"wp-image-99221\" srcset=\"https:\/\/metashare.com\/wp-content\/uploads\/metashare_data_flow_server.png 1340w, https:\/\/metashare.com\/wp-content\/uploads\/metashare_data_flow_server-300x224.png 300w, https:\/\/metashare.com\/wp-content\/uploads\/metashare_data_flow_server-1024x764.png 1024w, https:\/\/metashare.com\/wp-content\/uploads\/metashare_data_flow_server-768x573.png 768w\" sizes=\"auto, (max-width: 1340px) 100vw, 1340px\" \/><\/a><\/figure>\n<\/div>\n<ol class=\"wp-block-list centered-list\">\n<li>Slutanv\u00e4ndarna interagerar med MetaShares webbapplikation.<\/li>\n\n\n\n<li>MetaShares webbapplikation lagrar endast kundens unika MetaShare-konfigurationer (t.ex. vilka filter och kolumner som ska visas i anv\u00e4ndargr\u00e4nssnittet).<\/li>\n\n\n\n<li>Dokument och deras metadata lagras endast i kundens egen SharePoint-milj\u00f6.<\/li>\n\n\n\n<li>Dokument \u00f6ppnas direkt fr\u00e5n SharePoint och passerar aldrig genom MetaShare-applikationen.<\/li>\n<\/ol>\n","protected":false},"excerpt":{"rendered":"<p>Denna sida beskriver MetaShares arkitektur.<\/p>\n","protected":false},"author":4,"featured_media":0,"parent":0,"menu_order":0,"comment_status":"closed","ping_status":"closed","template":"","meta":{"_acf_changed":false,"footnotes":""},"element-controls":[99],"class_list":{"0":"post-5970","1":"page","2":"type-page","3":"status-publish","5":"element-controls-center-title","6":"no-featured-image-padding"},"acf":[],"_links":{"self":[{"href":"https:\/\/metashare.com\/sv\/wp-json\/wp\/v2\/pages\/5970","targetHints":{"allow":["GET"]}}],"collection":[{"href":"https:\/\/metashare.com\/sv\/wp-json\/wp\/v2\/pages"}],"about":[{"href":"https:\/\/metashare.com\/sv\/wp-json\/wp\/v2\/types\/page"}],"author":[{"embeddable":true,"href":"https:\/\/metashare.com\/sv\/wp-json\/wp\/v2\/users\/4"}],"replies":[{"embeddable":true,"href":"https:\/\/metashare.com\/sv\/wp-json\/wp\/v2\/comments?post=5970"}],"version-history":[{"count":37,"href":"https:\/\/metashare.com\/sv\/wp-json\/wp\/v2\/pages\/5970\/revisions"}],"predecessor-version":[{"id":99224,"href":"https:\/\/metashare.com\/sv\/wp-json\/wp\/v2\/pages\/5970\/revisions\/99224"}],"wp:attachment":[{"href":"https:\/\/metashare.com\/sv\/wp-json\/wp\/v2\/media?parent=5970"}],"wp:term":[{"taxonomy":"element-controls","embeddable":true,"href":"https:\/\/metashare.com\/sv\/wp-json\/wp\/v2\/element-controls?post=5970"}],"curies":[{"name":"wp","href":"https:\/\/api.w.org\/{rel}","templated":true}]}}