{"id":13172,"date":"2022-03-14T13:46:57","date_gmt":"2022-03-14T12:46:57","guid":{"rendered":"https:\/\/metashare.com\/?page_id=13172"},"modified":"2025-06-02T10:43:31","modified_gmt":"2025-06-02T08:43:31","slug":"kvalitetsystem-ledningssystem-2c8","status":"publish","type":"page","link":"https:\/\/metashare.com\/sv\/tillampningar\/kvalitetsystem-ledningssystem-2c8\/","title":{"rendered":"Kvalitets- och ledningssystem"},"content":{"rendered":"\n<p>Effektivitet och kvalitet \u00e4r avg\u00f6rande framg\u00e5ngsfaktorer f\u00f6r f\u00f6retag och organisationer i dagens snabbt f\u00f6r\u00e4nderliga aff\u00e4rsv\u00e4rld. F\u00f6r att uppr\u00e4tth\u00e5lla h\u00f6gkvalitativa produkter och tj\u00e4nster samtidigt som man uppfyller kraven fr\u00e5n kunder, reglerande myndigheter och andra intressenter, \u00e4r det n\u00f6dv\u00e4ndigt att implementera och uppr\u00e4tth\u00e5lla ett robust kvalitets- och ledningssystem med kontroll \u00f6ver styrande dokument.<\/p>\n\n\n\n<p>MetaShare skapar struktur och effektivitet i hanteringen av styrande dokument och g\u00f6r det l\u00e4tt att f\u00f6lja regler som GDPR, QHSE (kvalitet, h\u00e4lsa, s\u00e4kerhet, milj\u00f6) och\/eller ISO-standarder.<\/p>\n\n\n\n<h2 class=\"wp-block-heading\">S\u00e5 funkar det<\/h2>\n\n\n\n<p>Skr\u00e4ddarsydd arbetsyta f\u00f6r styrande dokument:<\/p>\n\n\n\n<ul class=\"wp-block-list\">\n<li><strong>Full Kontroll:<\/strong>\u00a0MetaShare s\u00e4kerst\u00e4ller att styrande dokument \u00e4r tillg\u00e4ngliga f\u00f6r samtliga medarbetare i r\u00e4tt och godk\u00e4nd version. Reducerar oro f\u00f6r f\u00f6r\u00e5ldrad information.<\/li>\n\n\n\n<li><strong>Effektiva Processer:<\/strong>\u00a0MetaShare supporterar smidig hantering av revideringar och godk\u00e4nnanden av dokument vilket g\u00f6r det enkelt att h\u00e5lla dokument uppdaterade i linje med f\u00f6retagets riktlinjer.<\/li>\n\n\n\n<li><strong>Automatiserad Publicering:<\/strong>\u00a0Tillg\u00e4ngligg\u00f6rande av dokument till interna system som till exempel intran\u00e4t blir enkelt och automatiserat med MetaShare. Sparar tid och minimerar risk f\u00f6r felaktig publicering.<\/li>\n<\/ul>\n\n\n\n<p>Smidig process f\u00f6r dokument\/process\u00e4garea f\u00f6r styrande dokument:<\/p>\n\n\n\n<ul class=\"wp-block-list\">\n<li><strong>Effektiv arbetsprocess:\u00a0<\/strong>Dokument\u00e4gare kan arbeta med sina dokument i utkast tills de \u00e4r redo f\u00f6r publicering eller godk\u00e4nnande.<\/li>\n\n\n\n<li><strong>Enkel godk\u00e4nnandeprocess:<\/strong>\u00a0Skicka enkelt dokument f\u00f6r godk\u00e4nnande genom MetaShares arbetsfl\u00f6den. Allt f\u00f6r att s\u00e4kerst\u00e4lla korrekta och aktuella dokument.<\/li>\n\n\n\n<li><strong>Automatiska notifikationer:<\/strong>\u00a0MetaShare aviserar och larmar dokument\u00e4gare n\u00e4r det \u00e4r dags att revidera dokument.<\/li>\n<\/ul>\n\n\n\n<p>MetaShare f\u00f6r styrande dokument \u00e4r enkelt att konfigurera och anpassa efter behov och kan enkelt integreras med processvisualiseringsverktyg som exempelvis Microsoft Visio.<\/p>\n\n\n\n<p><strong><a href=\"https:\/\/metashare.com\/sv\/kontakta-oss\/\" data-type=\"link\" data-id=\"https:\/\/metashare.com\/sv\/kontakta-oss\/\">Kontakta oss<\/a>\u00a0<\/strong>f\u00f6r hj\u00e4lp med att s\u00e4tta upp MetaShare f\u00f6r styrande dokument.<\/p>\n\n\n\n<p>MetaShare fungerar v\u00e4l ihop med processvisualiseringsverktyget <a href=\"https:\/\/www.2c8.com\" data-type=\"link\" data-id=\"https:\/\/www.2c8.com\">2c8apps<\/a><\/p>\n","protected":false},"excerpt":{"rendered":"<p>MetaShare g\u00f6r det enkelt att hantera kvalitets- och ledningssystem. Uppt\u00e4ck en l\u00f6sning som sparar tid och \u00f6kar effektiviteten \u2013 b\u00f6rja nu!<\/p>\n","protected":false},"author":5,"featured_media":0,"parent":12173,"menu_order":0,"comment_status":"closed","ping_status":"closed","template":"","meta":{"_acf_changed":false,"footnotes":""},"element-controls":[81],"class_list":{"0":"post-13172","1":"page","2":"type-page","3":"status-publish","5":"element-controls-single-column","6":"no-featured-image-padding"},"acf":[],"_links":{"self":[{"href":"https:\/\/metashare.com\/sv\/wp-json\/wp\/v2\/pages\/13172","targetHints":{"allow":["GET"]}}],"collection":[{"href":"https:\/\/metashare.com\/sv\/wp-json\/wp\/v2\/pages"}],"about":[{"href":"https:\/\/metashare.com\/sv\/wp-json\/wp\/v2\/types\/page"}],"author":[{"embeddable":true,"href":"https:\/\/metashare.com\/sv\/wp-json\/wp\/v2\/users\/5"}],"replies":[{"embeddable":true,"href":"https:\/\/metashare.com\/sv\/wp-json\/wp\/v2\/comments?post=13172"}],"version-history":[{"count":6,"href":"https:\/\/metashare.com\/sv\/wp-json\/wp\/v2\/pages\/13172\/revisions"}],"predecessor-version":[{"id":99256,"href":"https:\/\/metashare.com\/sv\/wp-json\/wp\/v2\/pages\/13172\/revisions\/99256"}],"up":[{"embeddable":true,"href":"https:\/\/metashare.com\/sv\/wp-json\/wp\/v2\/pages\/12173"}],"wp:attachment":[{"href":"https:\/\/metashare.com\/sv\/wp-json\/wp\/v2\/media?parent=13172"}],"wp:term":[{"taxonomy":"element-controls","embeddable":true,"href":"https:\/\/metashare.com\/sv\/wp-json\/wp\/v2\/element-controls?post=13172"}],"curies":[{"name":"wp","href":"https:\/\/api.w.org\/{rel}","templated":true}]}}