{"id":13170,"date":"2022-03-14T13:45:58","date_gmt":"2022-03-14T12:45:58","guid":{"rendered":"https:\/\/metashare.com\/?page_id=13170"},"modified":"2025-06-02T10:41:22","modified_gmt":"2025-06-02T08:41:22","slug":"orbit","status":"publish","type":"page","link":"https:\/\/metashare.com\/sv\/tillampningar\/orbit\/","title":{"rendered":"MetaShare Orbit"},"content":{"rendered":"\n<p>De kan vara b\u00e5de utmanande och tidskr\u00e4vande att hantera dokument med arkiveringskrav. Ofta kr\u00e4vs manuell hantering f\u00f6r att v\u00e4rdera om ett dokument ska arkiveras eller gallras.<\/p>\n\n\n\n<p>MetaShare Orbit hanterar arkiverings- och gallringsarbetet i Microsoft 365 helt automatiskt enligt organisationens uppsatta regler. Dokument som arkiveras flyttas automatiskt till en arkivyta.<\/p>\n\n\n\n<h2 class=\"wp-block-heading\">F\u00f6rdelar<\/h2>\n\n\n\n<ul class=\"wp-block-list\">\n<li>Arkiverar dokument som ska bevaras och gallrar de som ska bort<\/li>\n\n\n\n<li>Arkivering och gallring sker automatiskt enligt uppsatta regler<\/li>\n\n\n\n<li>S\u00e4kerst\u00e4ller att samtliga dokument \u00e4r aktuella och relevanta<\/li>\n\n\n\n<li>Sparar tid, f\u00f6ljer regelverket och skapar ordning bland dokumenten<\/li>\n<\/ul>\n\n\n\n<h2 class=\"wp-block-heading\">S\u00e5 funkar det<\/h2>\n\n\n\n<ul class=\"wp-block-list\">\n<li>Dokument arkiveras dagligen utifr\u00e5n uppsatta regler<\/li>\n\n\n\n<li>Arkiverade dokument f\u00f6rsvinner inte utan flyttas automatiskt till en arkivyta<\/li>\n\n\n\n<li>Aktiviteterna loggas dagligen f\u00f6r \u00f6verblick av dokument som arkiverats och gallrats<\/li>\n\n\n\n<li>MetaShare Orbit kr\u00e4ver enbart standardlicens f\u00f6r Microsoft 365 <\/li>\n<\/ul>\n\n\n\n<div class=\"wp-block-buttons is-layout-flex wp-block-buttons-is-layout-flex\">\n<div class=\"wp-block-button\"><a class=\"wp-block-button__link wp-element-button\" href=\"https:\/\/metashare.com\/sv\/priser\/\">Prova p\u00e5<\/a><\/div>\n<\/div>\n\n\n\n<p><a href=\"https:\/\/metashare.com\/sv\/kundcase\/tam-arkiv\/\" data-type=\"customer_reference\" data-id=\"98826\">Kundcase: Manuell process innebar h\u00f6g arbetsbelastning och risk f\u00f6r fel och inkonsekvenser<\/a><\/p>\n","protected":false},"excerpt":{"rendered":"<p>Automatisera arkivering och gallring i Microsoft 365 med MetaShare Orbit \u2013 s\u00e4kra relevanta och aktuella dokument utan manuell hantering. B\u00f6rja nu!<\/p>\n","protected":false},"author":7,"featured_media":13760,"parent":12173,"menu_order":0,"comment_status":"closed","ping_status":"closed","template":"","meta":{"_acf_changed":false,"footnotes":""},"element-controls":[81],"class_list":{"0":"post-13170","1":"page","2":"type-page","3":"status-publish","4":"has-post-thumbnail","6":"element-controls-single-column","7":"no-featured-image-padding"},"acf":[],"_links":{"self":[{"href":"https:\/\/metashare.com\/sv\/wp-json\/wp\/v2\/pages\/13170","targetHints":{"allow":["GET"]}}],"collection":[{"href":"https:\/\/metashare.com\/sv\/wp-json\/wp\/v2\/pages"}],"about":[{"href":"https:\/\/metashare.com\/sv\/wp-json\/wp\/v2\/types\/page"}],"author":[{"embeddable":true,"href":"https:\/\/metashare.com\/sv\/wp-json\/wp\/v2\/users\/7"}],"replies":[{"embeddable":true,"href":"https:\/\/metashare.com\/sv\/wp-json\/wp\/v2\/comments?post=13170"}],"version-history":[{"count":12,"href":"https:\/\/metashare.com\/sv\/wp-json\/wp\/v2\/pages\/13170\/revisions"}],"predecessor-version":[{"id":99254,"href":"https:\/\/metashare.com\/sv\/wp-json\/wp\/v2\/pages\/13170\/revisions\/99254"}],"up":[{"embeddable":true,"href":"https:\/\/metashare.com\/sv\/wp-json\/wp\/v2\/pages\/12173"}],"wp:featuredmedia":[{"embeddable":true,"href":"https:\/\/metashare.com\/sv\/wp-json\/wp\/v2\/media\/13760"}],"wp:attachment":[{"href":"https:\/\/metashare.com\/sv\/wp-json\/wp\/v2\/media?parent=13170"}],"wp:term":[{"taxonomy":"element-controls","embeddable":true,"href":"https:\/\/metashare.com\/sv\/wp-json\/wp\/v2\/element-controls?post=13170"}],"curies":[{"name":"wp","href":"https:\/\/api.w.org\/{rel}","templated":true}]}}