{"id":12173,"date":"2022-02-14T15:59:00","date_gmt":"2022-02-14T14:59:00","guid":{"rendered":"https:\/\/metashare.com\/?page_id=12173"},"modified":"2025-09-19T12:54:37","modified_gmt":"2025-09-19T10:54:37","slug":"tillampningar","status":"publish","type":"page","link":"https:\/\/metashare.com\/sv\/tillampningar\/","title":{"rendered":"Till\u00e4mpningar"},"content":{"rendered":"<div class=\"gb-container gb-container-008f2d8e gb-container-preamble\"><div class=\"gb-inside-container\">\n\n<p class=\"has-text-align-center\">MetaShare \u00e4r en till\u00e4ggsl\u00f6sning f\u00f6r Microsoft 365 som passar alla f\u00f6retag och organisationer som vill maximera sina Microsoft 365-investeringar.<\/p>\n\n<\/div><\/div>\n\n<div class=\"gb-container gb-container-77d92633 gb-container-contained\">\n<div class=\"gb-container gb-container-c1b0a084 gb-container-contained-inner\">\n\n<h2 class=\"wp-block-heading has-text-align-center screen-reader-text\" id=\"kundcase\">Kundcase<\/h2>\n\n\n<div class=\"gb-container gb-container-3bec4ec0\">\n<div class=\"gb-grid-wrapper gb-grid-wrapper-58ee28ee gb-grid-wrapper-small\">\n<div class=\"gb-grid-column gb-grid-column-3cfde691\"><div class=\"gb-container gb-container-3cfde691\">\n<div class=\"wp-block-image\">\n<figure class=\"aligncenter size-large is-resized\"><a href=\"https:\/\/metashare.com\/sv\/kundcase\/pts\/\"><img loading=\"lazy\" decoding=\"async\" width=\"559\" height=\"291\" src=\"https:\/\/metashare.com\/wp-content\/uploads\/\/pts.svg\" alt=\"Post- och telestyrelsen\" class=\"wp-image-12182\" style=\"width:auto;height:80px\"\/><\/a><\/figure>\n<\/div>\n<\/div><\/div>\n\n<div class=\"gb-grid-column gb-grid-column-c3995845\"><div class=\"gb-container gb-container-c3995845\">\n<div class=\"wp-block-image\">\n<figure class=\"aligncenter size-large is-resized\"><a href=\"https:\/\/metashare.com\/sv\/kundcase\/rabbalshede-kraft\/\"><img loading=\"lazy\" decoding=\"async\" width=\"337\" height=\"140\" src=\"https:\/\/metashare.com\/wp-content\/uploads\/rabbalshede_kraft_stand.svg\" alt=\"Rabbalshede Kraft\" class=\"wp-image-97042\" style=\"width:auto;height:80px\"\/><\/a><\/figure>\n<\/div>\n<\/div><\/div>\n\n<div class=\"gb-grid-column gb-grid-column-c7b0a97b\"><div class=\"gb-container gb-container-c7b0a97b\">\n<div class=\"wp-block-image\">\n<figure class=\"aligncenter size-full is-resized\"><a href=\"https:\/\/metashare.com\/sv\/kundcase\/hsb\/\"><img decoding=\"async\" src=\"https:\/\/metashare.com\/wp-content\/uploads\/hsb_sv_280px.png\" alt=\"HSB - D\u00e4r m\u00f6jligheterna bor\" class=\"wp-image-15070\" style=\"width:auto;height:80px\"\/><\/a><\/figure>\n<\/div>\n<\/div><\/div>\n\n<div class=\"gb-grid-column gb-grid-column-1e1a374e\"><div class=\"gb-container gb-container-1e1a374e\">\n<div class=\"wp-block-image\">\n<figure class=\"aligncenter size-large is-resized\"><a href=\"https:\/\/metashare.com\/sv\/kundcase\/afa-fastigheter\/\"><img loading=\"lazy\" decoding=\"async\" width=\"377\" height=\"364\" src=\"https:\/\/metashare.com\/wp-content\/uploads\/\/afa-fastigheter.svg\" alt=\"afa fastigheter\" class=\"wp-image-12254\" style=\"width:auto;height:80px\"\/><\/a><\/figure>\n<\/div>\n<\/div><\/div>\n\n<div class=\"gb-grid-column gb-grid-column-a8bfae2d\"><div class=\"gb-container gb-container-a8bfae2d\">\n<div class=\"wp-block-image\">\n<figure class=\"aligncenter size-large is-resized\"><a href=\"https:\/\/metashare.com\/sv\/kundcase\/finansforbundet\/\"><img loading=\"lazy\" decoding=\"async\" width=\"1491\" height=\"382\" src=\"https:\/\/metashare.com\/wp-content\/uploads\/\/finansforbundet.svg\" alt=\"Finansf\u00f6rbundet\" class=\"wp-image-12185\" style=\"width:auto;height:48px\"\/><\/a><\/figure>\n<\/div>\n<\/div><\/div>\n\n<div class=\"gb-grid-column gb-grid-column-2b939e90\"><div class=\"gb-container gb-container-2b939e90\">\n\n<figure class=\"wp-block-image size-large is-resized\"><a href=\"https:\/\/metashare.com\/sv\/kundcase\/castellum\/\"><img loading=\"lazy\" decoding=\"async\" width=\"175\" height=\"45\" src=\"https:\/\/metashare.com\/wp-content\/uploads\/castellum.svg\" alt=\"Castellum\" class=\"wp-image-97161\" style=\"width:auto;height:48px\"\/><\/a><\/figure>\n\n<\/div><\/div>\n\n<div class=\"gb-grid-column gb-grid-column-cce6132b\"><div class=\"gb-container gb-container-cce6132b\">\n\n<p><a href=\"https:\/\/metashare.com\/sv\/kundcase\/\"><strong>Fler kundcase<\/strong><\/a><\/p>\n\n<\/div><\/div>\n<\/div>\n<\/div>\n\n<div class=\"gb-container gb-container-cf047552\">\n<div class=\"gb-grid-wrapper gb-grid-wrapper-ea0f71bd gb-grid-wrapper-small\">\n<div class=\"gb-grid-column gb-grid-column-17ed4fb8\"><div class=\"gb-container gb-container-17ed4fb8\">\n<div class=\"wp-block-image\">\n<figure class=\"aligncenter size-large is-resized\"><a href=\"https:\/\/metashare.com\/sv\/kundcase\/pts\/\"><img loading=\"lazy\" decoding=\"async\" width=\"559\" height=\"291\" src=\"https:\/\/metashare.com\/wp-content\/uploads\/\/pts.svg\" alt=\"Post- och telestyrelsen\" class=\"wp-image-12182\" style=\"width:140px\"\/><\/a><\/figure>\n<\/div>\n<\/div><\/div>\n\n<div class=\"gb-grid-column gb-grid-column-028f52f1\"><div class=\"gb-container gb-container-028f52f1\">\n<div class=\"wp-block-image\">\n<figure class=\"aligncenter size-large is-resized\"><a href=\"https:\/\/metashare.com\/sv\/kundcase\/rabbalshede-kraft\/\"><img loading=\"lazy\" decoding=\"async\" width=\"337\" height=\"140\" src=\"https:\/\/metashare.com\/wp-content\/uploads\/rabbalshede_kraft_stand.svg\" alt=\"Rabbalshede Kraft\" class=\"wp-image-97042\" style=\"width:140px\"\/><\/a><\/figure>\n<\/div>\n<\/div><\/div>\n\n<div class=\"gb-grid-column gb-grid-column-afcd47dc\"><div class=\"gb-container gb-container-afcd47dc\">\n<div class=\"wp-block-image\">\n<figure class=\"aligncenter size-full is-resized\"><a href=\"https:\/\/metashare.com\/sv\/kundcase\/hsb\/\"><img decoding=\"async\" src=\"https:\/\/metashare.com\/wp-content\/uploads\/hsb_sv_280px.png\" alt=\"HSB - D\u00e4r m\u00f6jligheterna bor\" class=\"wp-image-15070\" style=\"width:140px\"\/><\/a><\/figure>\n<\/div>\n<\/div><\/div>\n\n<div class=\"gb-grid-column gb-grid-column-26d855a2\"><div class=\"gb-container gb-container-26d855a2\">\n<div class=\"wp-block-image\">\n<figure class=\"aligncenter size-large is-resized\"><a href=\"https:\/\/metashare.com\/sv\/kundcase\/afa-fastigheter\/\"><img loading=\"lazy\" decoding=\"async\" width=\"377\" height=\"364\" src=\"https:\/\/metashare.com\/wp-content\/uploads\/\/afa-fastigheter.svg\" alt=\"afa fastigheter\" class=\"wp-image-12254\" style=\"width:140px\"\/><\/a><\/figure>\n<\/div>\n<\/div><\/div>\n\n<div class=\"gb-grid-column gb-grid-column-a5198450\"><div class=\"gb-container gb-container-a5198450\">\n<div class=\"wp-block-image\">\n<figure class=\"aligncenter size-large is-resized\"><a href=\"https:\/\/metashare.com\/sv\/kundcase\/finansforbundet\/\"><img loading=\"lazy\" decoding=\"async\" width=\"1491\" height=\"382\" src=\"https:\/\/metashare.com\/wp-content\/uploads\/\/finansforbundet.svg\" alt=\"Finansf\u00f6rbundet\" class=\"wp-image-12185\" style=\"width:140px\"\/><\/a><\/figure>\n<\/div>\n<\/div><\/div>\n\n<div class=\"gb-grid-column gb-grid-column-88659693\"><div class=\"gb-container gb-container-88659693\">\n\n<figure class=\"wp-block-image size-large is-resized\"><a href=\"https:\/\/metashare.com\/sv\/kundcase\/castellum\/\"><img loading=\"lazy\" decoding=\"async\" width=\"175\" height=\"45\" src=\"https:\/\/metashare.com\/wp-content\/uploads\/castellum.svg\" alt=\"Castellum\" class=\"wp-image-97161\" style=\"width:140px\"\/><\/a><\/figure>\n\n<\/div><\/div>\n\n<div class=\"gb-grid-column gb-grid-column-e9e41482\"><div class=\"gb-container gb-container-e9e41482\">\n\n<p><a href=\"https:\/\/metashare.com\/sv\/kundcase\/\"><strong>Fler kundcase<\/strong><\/a><\/p>\n\n<\/div><\/div>\n<\/div>\n<\/div>\n<\/div>\n<\/div>","protected":false},"excerpt":{"rendered":"<p>MetaShare g\u00f6r dokumenthantering enklare och mer effektiv. Uppt\u00e4ck v\u00e5ra l\u00f6sningar och ta kontroll \u00f6ver din information \u2013 l\u00e4s mer nu!<\/p>\n","protected":false},"author":7,"featured_media":12248,"parent":0,"menu_order":0,"comment_status":"closed","ping_status":"closed","template":"","meta":{"_acf_changed":false,"footnotes":""},"element-controls":[95],"class_list":{"0":"post-12173","1":"page","2":"type-page","3":"status-publish","4":"has-post-thumbnail","6":"element-controls-hero-losningar","7":"no-featured-image-padding"},"acf":[],"_links":{"self":[{"href":"https:\/\/metashare.com\/sv\/wp-json\/wp\/v2\/pages\/12173","targetHints":{"allow":["GET"]}}],"collection":[{"href":"https:\/\/metashare.com\/sv\/wp-json\/wp\/v2\/pages"}],"about":[{"href":"https:\/\/metashare.com\/sv\/wp-json\/wp\/v2\/types\/page"}],"author":[{"embeddable":true,"href":"https:\/\/metashare.com\/sv\/wp-json\/wp\/v2\/users\/7"}],"replies":[{"embeddable":true,"href":"https:\/\/metashare.com\/sv\/wp-json\/wp\/v2\/comments?post=12173"}],"version-history":[{"count":63,"href":"https:\/\/metashare.com\/sv\/wp-json\/wp\/v2\/pages\/12173\/revisions"}],"predecessor-version":[{"id":99623,"href":"https:\/\/metashare.com\/sv\/wp-json\/wp\/v2\/pages\/12173\/revisions\/99623"}],"wp:featuredmedia":[{"embeddable":true,"href":"https:\/\/metashare.com\/sv\/wp-json\/wp\/v2\/media\/12248"}],"wp:attachment":[{"href":"https:\/\/metashare.com\/sv\/wp-json\/wp\/v2\/media?parent=12173"}],"wp:term":[{"taxonomy":"element-controls","embeddable":true,"href":"https:\/\/metashare.com\/sv\/wp-json\/wp\/v2\/element-controls?post=12173"}],"curies":[{"name":"wp","href":"https:\/\/api.w.org\/{rel}","templated":true}]}}